{"id":4327,"date":"2025-05-06T14:21:29","date_gmt":"2025-05-06T12:21:29","guid":{"rendered":"https:\/\/advk.ch.80-74-156-75.zeus.metanet.ch\/mentions-legales\/"},"modified":"2025-09-16T09:51:17","modified_gmt":"2025-09-16T07:51:17","slug":"mentions-legales","status":"publish","type":"page","link":"https:\/\/advk.ch\/fr\/mentions-legales\/","title":{"rendered":"Mentions l\u00e9gales"},"content":{"rendered":"\t\t<div data-elementor-type=\"wp-page\" data-elementor-id=\"4327\" class=\"elementor elementor-4327 elementor-67\" data-elementor-post-type=\"page\">\n\t\t\t\t<div class=\"elementor-element elementor-element-83c6d64 e-con-full e-flex e-con e-parent\" data-id=\"83c6d64\" data-element_type=\"container\" data-e-type=\"container\" data-settings=\"{&quot;background_background&quot;:&quot;classic&quot;}\">\n\t\t\t\t<\/div>\n\t\t<div class=\"elementor-element elementor-element-3508f64 e-flex e-con-boxed e-con e-parent\" data-id=\"3508f64\" data-element_type=\"container\" data-e-type=\"container\">\n\t\t\t\t\t<div class=\"e-con-inner\">\n\t\t\t\t<div class=\"elementor-element elementor-element-92c2506 elementor-widget elementor-widget-heading\" data-id=\"92c2506\" data-element_type=\"widget\" data-e-type=\"widget\" data-widget_type=\"heading.default\">\n\t\t\t\t<div class=\"elementor-widget-container\">\n\t\t\t\t\t<h1 class=\"elementor-heading-title elementor-size-default\">Mentions l\u00e9gales<\/h1>\t\t\t\t<\/div>\n\t\t\t\t<\/div>\n\t\t\t\t\t<\/div>\n\t\t\t\t<\/div>\n\t\t<div class=\"elementor-element elementor-element-1216c35 e-flex e-con-boxed e-con e-parent\" data-id=\"1216c35\" data-element_type=\"container\" data-e-type=\"container\" data-settings=\"{&quot;background_background&quot;:&quot;classic&quot;}\">\n\t\t\t\t\t<div class=\"e-con-inner\">\n\t\t<div class=\"elementor-element elementor-element-7672601 e-con-full e-flex e-con e-child\" data-id=\"7672601\" data-element_type=\"container\" data-e-type=\"container\">\n\t\t\t\t<div class=\"elementor-element elementor-element-a9088d9 elementor-widget elementor-widget-text-editor\" data-id=\"a9088d9\" data-element_type=\"widget\" data-e-type=\"widget\" data-widget_type=\"text-editor.default\">\n\t\t\t\t<div class=\"elementor-widget-container\">\n\t\t\t\t\t\t\t\t\t<h3>Responsable du contenu \/ propri\u00e9taire du domaine :<\/h3><p>F\u00e9d\u00e9ration fa\u00eeti\u00e8re de formation de la branche d&rsquo;entretien des canalisations (advk)<br>W\u00f6lflistrasse 5<br>3006 Berne<\/p><p><strong>Contact<\/strong><br>Mme Alessandra Werren<br> T<a href=\"tel:0041313708525\">: 031 370 85 25<\/a><br><a href=\"mailto:a.werren@astag.ch\">E-mail : a.werren@astag.ch<\/a><\/p>\t\t\t\t\t\t\t\t<\/div>\n\t\t\t\t<\/div>\n\t\t\t\t<\/div>\n\t\t<div class=\"elementor-element elementor-element-d9fd960 e-con-full e-flex e-con e-child\" data-id=\"d9fd960\" data-element_type=\"container\" data-e-type=\"container\">\n\t\t\t\t<div class=\"elementor-element elementor-element-e9382f3 elementor-widget elementor-widget-text-editor\" data-id=\"e9382f3\" data-element_type=\"widget\" data-e-type=\"widget\" data-widget_type=\"text-editor.default\">\n\t\t\t\t<div class=\"elementor-widget-container\">\n\t\t\t\t\t\t\t\t\t<h3>Conception et programmation :<br> <\/h3><p>Werbeatelier redchili GmbH<br>Bahnhofstrasse 47<br>9402 M\u00f6rschwil  <br> <\/p><p><strong>Contact<br><\/strong><a href=\"https:\/\/www.redchili.net\" target=\"_blank\" rel=\"noopener\">www.redchili.net<\/a><br><a href=\"mailto:info@redchili.net\">info@redchili.net<\/a><br><a href=\"tel:0041718661565\">T : +41 71 866 15 65<\/a><\/p>\t\t\t\t\t\t\t\t<\/div>\n\t\t\t\t<\/div>\n\t\t\t\t<\/div>\n\t\t\t\t\t<\/div>\n\t\t\t\t<\/div>\n\t\t\t\t<\/div>\n\t\t","protected":false},"excerpt":{"rendered":"<p>Mentions l\u00e9gales Responsable du contenu \/ propri\u00e9taire du domaine : F\u00e9d\u00e9ration fa\u00eeti\u00e8re de formation de la branche d&rsquo;entretien des canalisations (advk)W\u00f6lflistrasse 53006 Berne ContactMme Alessandra Werren T: 031 370 85 [&hellip;]<\/p>\n","protected":false},"author":1,"featured_media":0,"parent":0,"menu_order":0,"comment_status":"closed","ping_status":"closed","template":"","meta":{"footnotes":""},"class_list":["post-4327","page","type-page","status-publish","hentry"],"publishpress_future_action":{"enabled":false,"date":"2026-05-21 11:30:19","action":"change-status","newStatus":"draft","terms":[],"taxonomy":"translation_priority","extraData":[]},"publishpress_future_workflow_manual_trigger":{"enabledWorkflows":[]},"_links":{"self":[{"href":"https:\/\/advk.ch\/fr\/wp-json\/wp\/v2\/pages\/4327","targetHints":{"allow":["GET"]}}],"collection":[{"href":"https:\/\/advk.ch\/fr\/wp-json\/wp\/v2\/pages"}],"about":[{"href":"https:\/\/advk.ch\/fr\/wp-json\/wp\/v2\/types\/page"}],"author":[{"embeddable":true,"href":"https:\/\/advk.ch\/fr\/wp-json\/wp\/v2\/users\/1"}],"replies":[{"embeddable":true,"href":"https:\/\/advk.ch\/fr\/wp-json\/wp\/v2\/comments?post=4327"}],"version-history":[{"count":0,"href":"https:\/\/advk.ch\/fr\/wp-json\/wp\/v2\/pages\/4327\/revisions"}],"wp:attachment":[{"href":"https:\/\/advk.ch\/fr\/wp-json\/wp\/v2\/media?parent=4327"}],"curies":[{"name":"wp","href":"https:\/\/api.w.org\/{rel}","templated":true}]}}