{"id":4329,"date":"2025-07-23T07:55:34","date_gmt":"2025-07-23T05:55:34","guid":{"rendered":"https:\/\/advk.ch.80-74-156-75.zeus.metanet.ch\/securite-et-sante-dans-le-transport-et-la-manutention-des-dechets\/"},"modified":"2026-05-04T15:43:49","modified_gmt":"2026-05-04T13:43:49","slug":"securite-et-sante-dans-le-transport-et-la-manutention-des-dechets","status":"publish","type":"page","link":"https:\/\/advk.ch\/fr\/securite-et-sante-dans-le-transport-et-la-manutention-des-dechets\/","title":{"rendered":"S\u00e9curit\u00e9 et sant\u00e9 dans le transport et la manutention des d\u00e9chets"},"content":{"rendered":"\t\t<div data-elementor-type=\"wp-page\" data-elementor-id=\"4329\" class=\"elementor elementor-4329 elementor-1671\" data-elementor-post-type=\"page\">\n\t\t\t\t<div class=\"elementor-element elementor-element-9b4b469 e-flex e-con-boxed e-con e-parent\" data-id=\"9b4b469\" data-element_type=\"container\" data-e-type=\"container\">\n\t\t\t\t\t<div class=\"e-con-inner\">\n\t\t<div class=\"elementor-element elementor-element-0309035 e-con-full e-flex e-con e-child\" data-id=\"0309035\" data-element_type=\"container\" data-e-type=\"container\">\n\t\t\t\t<div class=\"elementor-element elementor-element-e18fade elementor-widget elementor-widget-heading\" data-id=\"e18fade\" data-element_type=\"widget\" data-e-type=\"widget\" data-widget_type=\"heading.default\">\n\t\t\t\t<div class=\"elementor-widget-container\">\n\t\t\t\t\t<h1 class=\"elementor-heading-title elementor-size-default\">Pr\u00e9vention s\u00e9curit\u00e9 et sant\u00e9 lors du transport de d\u00e9chets<\/h1>\t\t\t\t<\/div>\n\t\t\t\t<\/div>\n\t\t\t\t<div class=\"elementor-element elementor-element-cc45e5d elementor-hidden-desktop elementor-hidden-tablet_extra elementor-hidden-tablet elementor-hidden-mobile elementor-widget elementor-widget-text-editor\" data-id=\"cc45e5d\" data-element_type=\"widget\" data-e-type=\"widget\" data-widget_type=\"text-editor.default\">\n\t\t\t\t<div class=\"elementor-widget-container\">\n\t\t\t\t\t\t\t\t\t<p>Transfert des d\u00e9chets liquides des camions d&rsquo;aspiration et de rin\u00e7age<\/p>\t\t\t\t\t\t\t\t<\/div>\n\t\t\t\t<\/div>\n\t\t\t\t<div class=\"elementor-element elementor-element-3c18407 elementor-widget elementor-widget-text-editor\" data-id=\"3c18407\" data-element_type=\"widget\" data-e-type=\"widget\" data-widget_type=\"text-editor.default\">\n\t\t\t\t<div class=\"elementor-widget-container\">\n\t\t\t\t\t\t\t\t\t<ul><li>Centre TCS Cossonay<\/li><li>OACP reconnu (1 jour)<\/li><li>Prix pour les membres : 320.00 hors TVA<\/li><li>Prix pour les non-membres : 450.00 hors TVA <br \/><br \/><\/li><\/ul><p>La facture est envoy\u00e9e avec la convocation d\u00e9finitive au cours.<\/p><p>D\u00e9sormais, les attestations de cours OACP ne sont plus imprim\u00e9es et envoy\u00e9es sous forme papier. L&rsquo;attestation OACP peut \u00eatre consult\u00e9e \u00e0 tout moment apr\u00e8s le cours sur le site <a href=\"http:\/\/cambus.ch\" target=\"_blank\" rel=\"noopener\">cambus.ch<\/a>, o\u00f9 tous les cours suivis sont r\u00e9pertori\u00e9s.<\/p><p>L&rsquo;attestation de cours OACP est envoy\u00e9e par e-mail sur demande \u00e9crite.<\/p>\t\t\t\t\t\t\t\t<\/div>\n\t\t\t\t<\/div>\n\t\t\t\t<\/div>\n\t\t<div class=\"elementor-element elementor-element-60d05ff e-con-full e-flex e-con e-child\" data-id=\"60d05ff\" data-element_type=\"container\" data-e-type=\"container\">\n\t\t\t\t<div class=\"elementor-element elementor-element-cb28745 elementor-widget elementor-widget-image\" data-id=\"cb28745\" data-element_type=\"widget\" data-e-type=\"widget\" data-widget_type=\"image.default\">\n\t\t\t\t<div class=\"elementor-widget-container\">\n\t\t\t\t\t\t\t\t\t\t\t\t\t\t\t<img fetchpriority=\"high\" decoding=\"async\" width=\"772\" height=\"1024\" src=\"https:\/\/advk.ch\/wp-content\/uploads\/sicherheit-772x1024.webp\" class=\"attachment-large size-large wp-image-1699\" alt=\"\" srcset=\"https:\/\/advk.ch\/wp-content\/uploads\/sicherheit-772x1024.webp 772w, https:\/\/advk.ch\/wp-content\/uploads\/sicherheit-226x300.webp 226w, https:\/\/advk.ch\/wp-content\/uploads\/sicherheit-768x1019.webp 768w, https:\/\/advk.ch\/wp-content\/uploads\/sicherheit.webp 860w\" sizes=\"(max-width: 772px) 100vw, 772px\" \/>\t\t\t\t\t\t\t\t\t\t\t\t\t\t\t<\/div>\n\t\t\t\t<\/div>\n\t\t\t\t<\/div>\n\t\t\t\t\t<\/div>\n\t\t\t\t<\/div>\n\t\t<div class=\"elementor-element elementor-element-606b351 e-flex e-con-boxed e-con e-parent\" data-id=\"606b351\" data-element_type=\"container\" data-e-type=\"container\">\n\t\t\t\t\t<div class=\"e-con-inner\">\n\t\t<div class=\"elementor-element elementor-element-99396f4 e-con-full e-flex e-con e-child\" data-id=\"99396f4\" data-element_type=\"container\" data-e-type=\"container\">\n\t\t\t\t<div class=\"elementor-element elementor-element-ed02e1f elementor-widget elementor-widget-text-editor\" data-id=\"ed02e1f\" data-element_type=\"widget\" data-e-type=\"widget\" data-widget_type=\"text-editor.default\">\n\t\t\t\t<div class=\"elementor-widget-container\">\n\t\t\t\t\t\t\t\t\t<h3>Lieu des cours 2026 :<\/h3><p>Cossonay-Ville<\/p><h3>Dates des cours :<\/h3>\t\t\t\t\t\t\t\t<\/div>\n\t\t\t\t<\/div>\n\t\t<div class=\"elementor-element elementor-element-f60d97a e-grid e-con-full e-con e-child\" data-id=\"f60d97a\" data-element_type=\"container\" data-e-type=\"container\">\n\t\t\t\t<div class=\"elementor-element elementor-element-5fef5ed elementor-widget elementor-widget-text-editor\" data-id=\"5fef5ed\" data-element_type=\"widget\" data-e-type=\"widget\" data-widget_type=\"text-editor.default\">\n\t\t\t\t<div class=\"elementor-widget-container\">\n\t\t\t\t\t\t\t\t\t<p>18.02.2026<\/p>\t\t\t\t\t\t\t\t<\/div>\n\t\t\t\t<\/div>\n\t\t\t\t<div class=\"elementor-element elementor-element-00f8aa0 elementor-widget elementor-widget-text-editor\" data-id=\"00f8aa0\" data-element_type=\"widget\" data-e-type=\"widget\" data-widget_type=\"text-editor.default\">\n\t\t\t\t<div class=\"elementor-widget-container\">\n\t\t\t\t\t\t\t\t\t<p><em><strong>Cours organis\u00e9<\/strong><\/em><\/p>\t\t\t\t\t\t\t\t<\/div>\n\t\t\t\t<\/div>\n\t\t\t\t<div class=\"elementor-element elementor-element-1d6df4a elementor-widget elementor-widget-text-editor\" data-id=\"1d6df4a\" data-element_type=\"widget\" data-e-type=\"widget\" data-widget_type=\"text-editor.default\">\n\t\t\t\t<div class=\"elementor-widget-container\">\n\t\t\t\t\t\t\t\t\t<p>04.03.2026<\/p>\t\t\t\t\t\t\t\t<\/div>\n\t\t\t\t<\/div>\n\t\t\t\t<div class=\"elementor-element elementor-element-33b4198 elementor-widget elementor-widget-text-editor\" data-id=\"33b4198\" data-element_type=\"widget\" data-e-type=\"widget\" data-widget_type=\"text-editor.default\">\n\t\t\t\t<div class=\"elementor-widget-container\">\n\t\t\t\t\t\t\t\t\t<p><em><strong>Cours organis\u00e9<\/strong><\/em><\/p>\t\t\t\t\t\t\t\t<\/div>\n\t\t\t\t<\/div>\n\t\t\t\t<div class=\"elementor-element elementor-element-b90f1e6 elementor-widget elementor-widget-text-editor\" data-id=\"b90f1e6\" data-element_type=\"widget\" data-e-type=\"widget\" data-widget_type=\"text-editor.default\">\n\t\t\t\t<div class=\"elementor-widget-container\">\n\t\t\t\t\t\t\t\t\t<p>08.04.2026<\/p>\t\t\t\t\t\t\t\t<\/div>\n\t\t\t\t<\/div>\n\t\t\t\t<div class=\"elementor-element elementor-element-d0f679c elementor-widget elementor-widget-text-editor\" data-id=\"d0f679c\" data-element_type=\"widget\" data-e-type=\"widget\" data-widget_type=\"text-editor.default\">\n\t\t\t\t<div class=\"elementor-widget-container\">\n\t\t\t\t\t\t\t\t\t<p><em><strong>annul\u00e9<\/strong><\/em><\/p>\t\t\t\t\t\t\t\t<\/div>\n\t\t\t\t<\/div>\n\t\t\t\t<div class=\"elementor-element elementor-element-0fe0ea5 elementor-widget elementor-widget-text-editor\" data-id=\"0fe0ea5\" data-element_type=\"widget\" data-e-type=\"widget\" data-widget_type=\"text-editor.default\">\n\t\t\t\t<div class=\"elementor-widget-container\">\n\t\t\t\t\t\t\t\t\t<p>22.04.2026<\/p>\t\t\t\t\t\t\t\t<\/div>\n\t\t\t\t<\/div>\n\t\t\t\t<div class=\"elementor-element elementor-element-59d910f elementor-widget elementor-widget-text-editor\" data-id=\"59d910f\" data-element_type=\"widget\" data-e-type=\"widget\" data-widget_type=\"text-editor.default\">\n\t\t\t\t<div class=\"elementor-widget-container\">\n\t\t\t\t\t\t\t\t\t<p><em><strong>Cours organis\u00e9<\/strong><\/em><\/p>\t\t\t\t\t\t\t\t<\/div>\n\t\t\t\t<\/div>\n\t\t\t\t<\/div>\n\t\t\t\t<\/div>\n\t\t<div class=\"elementor-element elementor-element-59949ce e-con-full e-flex e-con e-child\" data-id=\"59949ce\" data-element_type=\"container\" data-e-type=\"container\">\n\t\t\t\t<\/div>\n\t\t\t\t\t<\/div>\n\t\t\t\t<\/div>\n\t\t<div class=\"elementor-element elementor-element-5071184 e-flex e-con-boxed e-con e-parent\" data-id=\"5071184\" data-element_type=\"container\" data-e-type=\"container\">\n\t\t\t\t\t<div class=\"e-con-inner\">\n\t\t\t\t<div class=\"elementor-element elementor-element-21684fb elementor-widget elementor-widget-text-editor\" data-id=\"21684fb\" data-element_type=\"widget\" data-e-type=\"widget\" data-widget_type=\"text-editor.default\">\n\t\t\t\t<div class=\"elementor-widget-container\">\n\t\t\t\t\t\t\t\t\t<h3>A emporter :<\/h3><p>\u00c9quipement de protection individuelle (EPI), d\u00e9tecteur de gaz intact pour l&rsquo;acc\u00e8s personnel \u00e0 la cage d&rsquo;ascenseur<\/p><h3>Exigence minimale :<\/h3><p>Ma\u00eetriser l&rsquo;allemand \u00e0 l&rsquo;oral et \u00e0 l&rsquo;\u00e9crit.<\/p>\t\t\t\t\t\t\t\t<\/div>\n\t\t\t\t<\/div>\n\t\t\t\t\t<\/div>\n\t\t\t\t<\/div>\n\t\t<div class=\"elementor-element elementor-element-c8782cf e-flex e-con-boxed e-con e-parent\" data-id=\"c8782cf\" data-element_type=\"container\" data-e-type=\"container\">\n\t\t\t\t\t<div class=\"e-con-inner\">\n\t\t\t\t<div class=\"elementor-element elementor-element-a5957b0 elementor-align-left elementor-widget elementor-widget-button\" data-id=\"a5957b0\" data-element_type=\"widget\" data-e-type=\"widget\" data-widget_type=\"button.default\">\n\t\t\t\t<div class=\"elementor-widget-container\">\n\t\t\t\t\t\t\t\t\t<div class=\"elementor-button-wrapper\">\n\t\t\t\t\t<a class=\"elementor-button elementor-button-link elementor-size-sm\" href=\"https:\/\/advk.ch\/fr\/formation-continue\/\">\n\t\t\t\t\t\t<span class=\"elementor-button-content-wrapper\">\n\t\t\t\t\t\t<span class=\"elementor-button-icon\">\n\t\t\t\t<svg aria-hidden=\"true\" class=\"e-font-icon-svg e-fas-arrow-left\" viewBox=\"0 0 448 512\" xmlns=\"http:\/\/www.w3.org\/2000\/svg\"><path d=\"M257.5 445.1l-22.2 22.2c-9.4 9.4-24.6 9.4-33.9 0L7 273c-9.4-9.4-9.4-24.6 0-33.9L201.4 44.7c9.4-9.4 24.6-9.4 33.9 0l22.2 22.2c9.5 9.5 9.3 25-.4 34.3L136.6 216H424c13.3 0 24 10.7 24 24v32c0 13.3-10.7 24-24 24H136.6l120.5 114.8c9.8 9.3 10 24.8.4 34.3z\"><\/path><\/svg>\t\t\t<\/span>\n\t\t\t\t\t\t\t\t\t<span class=\"elementor-button-text\">Retour \u00e0 Formation continue<\/span>\n\t\t\t\t\t<\/span>\n\t\t\t\t\t<\/a>\n\t\t\t\t<\/div>\n\t\t\t\t\t\t\t\t<\/div>\n\t\t\t\t<\/div>\n\t\t\t\t\t<\/div>\n\t\t\t\t<\/div>\n\t\t<div class=\"elementor-element elementor-element-2d26b13e e-flex e-con-boxed e-con e-parent\" data-id=\"2d26b13e\" data-element_type=\"container\" data-e-type=\"container\">\n\t\t\t\t\t<div class=\"e-con-inner\">\n\t\t\t\t<div class=\"elementor-element elementor-element-e53f8bd elementor-skin-carousel elementor-widget elementor-widget-media-carousel\" data-id=\"e53f8bd\" data-element_type=\"widget\" data-e-type=\"widget\" data-settings=\"{&quot;slides_per_view&quot;:&quot;6&quot;,&quot;slides_to_scroll&quot;:&quot;6&quot;,&quot;speed&quot;:1000,&quot;autoplay_speed&quot;:3000,&quot;space_between&quot;:{&quot;unit&quot;:&quot;px&quot;,&quot;size&quot;:30,&quot;sizes&quot;:[]},&quot;slides_per_view_tablet_extra&quot;:&quot;3&quot;,&quot;slides_per_view_tablet&quot;:&quot;2&quot;,&quot;slides_to_scroll_tablet_extra&quot;:&quot;3&quot;,&quot;slides_to_scroll_tablet&quot;:&quot;2&quot;,&quot;space_between_tablet_extra&quot;:{&quot;unit&quot;:&quot;px&quot;,&quot;size&quot;:35,&quot;sizes&quot;:[]},&quot;space_between_tablet&quot;:{&quot;unit&quot;:&quot;px&quot;,&quot;size&quot;:35,&quot;sizes&quot;:[]},&quot;skin&quot;:&quot;carousel&quot;,&quot;effect&quot;:&quot;slide&quot;,&quot;autoplay&quot;:&quot;yes&quot;,&quot;loop&quot;:&quot;yes&quot;,&quot;pause_on_hover&quot;:&quot;yes&quot;,&quot;pause_on_interaction&quot;:&quot;yes&quot;,&quot;space_between_mobile&quot;:{&quot;unit&quot;:&quot;px&quot;,&quot;size&quot;:10,&quot;sizes&quot;:[]}}\" data-widget_type=\"media-carousel.default\">\n\t\t\t\t<div class=\"elementor-widget-container\">\n\t\t\t\t\t\t\t\t\t<div class=\"elementor-swiper\">\n\t\t\t\t\t<div class=\"elementor-main-swiper swiper\" role=\"region\" aria-roledescription=\"carousel\" aria-label=\"Slider\">\n\t\t\t\t<div class=\"swiper-wrapper\">\n\t\t\t\t\t\t\t\t\t\t\t<div class=\"swiper-slide\" role=\"group\" aria-roledescription=\"slide\">\n\t\t\t\t\t\t\t<a href=\"https:\/\/www.abmarti.ch\/de\/\" target=\"_blank\" rel=\"noopener\">\t\t<div class=\"elementor-carousel-image\" role=\"img\" aria-label=\"AB_Marti_AG\" style=\"background-image: url(&#039;https:\/\/advk.ch\/wp-content\/uploads\/AB_Marti_AG.png&#039;)\">\n\n\t\t\t\n\t\t\t\t\t<\/div>\n\t\t<\/a>\t\t\t\t\t\t<\/div>\n\t\t\t\t\t\t\t\t\t\t\t<div class=\"swiper-slide\" role=\"group\" aria-roledescription=\"slide\">\n\t\t\t\t\t\t\t<a href=\"https:\/\/aco.ch\/\" target=\"_blank\" rel=\"noopener\">\t\t<div class=\"elementor-carousel-image\" role=\"img\" aria-label=\"ACO_AG\" style=\"background-image: url(&#039;https:\/\/advk.ch\/wp-content\/uploads\/ACO_AG.png&#039;)\">\n\n\t\t\t\n\t\t\t\t\t<\/div>\n\t\t<\/a>\t\t\t\t\t\t<\/div>\n\t\t\t\t\t\t\t\t\t\t\t<div class=\"swiper-slide\" role=\"group\" aria-roledescription=\"slide\">\n\t\t\t\t\t\t\t<a href=\"https:\/\/www.adoc.top\/\" target=\"_blank\" rel=\"noopener\">\t\t<div class=\"elementor-carousel-image\" role=\"img\" aria-label=\"ADOC_SA\" style=\"background-image: url(&#039;https:\/\/advk.ch\/wp-content\/uploads\/ADOC_SA.jpg&#039;)\">\n\n\t\t\t\n\t\t\t\t\t<\/div>\n\t\t<\/a>\t\t\t\t\t\t<\/div>\n\t\t\t\t\t\t\t\t\t\t\t<div class=\"swiper-slide\" role=\"group\" aria-roledescription=\"slide\">\n\t\t\t\t\t\t\t<a href=\"https:\/\/www.alpuriget.ch\/\" target=\"_blank\" rel=\"noopener\">\t\t<div class=\"elementor-carousel-image\" role=\"img\" aria-label=\"alpuriget\" style=\"background-image: url(&#039;https:\/\/advk.ch\/wp-content\/uploads\/alpuriget-scaled.png&#039;)\">\n\n\t\t\t\n\t\t\t\t\t<\/div>\n\t\t<\/a>\t\t\t\t\t\t<\/div>\n\t\t\t\t\t\t\t\t\t\t\t<div class=\"swiper-slide\" role=\"group\" aria-roledescription=\"slide\">\n\t\t\t\t\t\t\t<a href=\"https:\/\/www.bachofner-kanal.ch\/\" target=\"_blank\" rel=\"noopener\">\t\t<div class=\"elementor-carousel-image\" role=\"img\" aria-label=\"Bachofner-Kanalreinigung\" style=\"background-image: url(&#039;https:\/\/advk.ch\/wp-content\/uploads\/Bachofner-Kanalreinigung.webp&#039;)\">\n\n\t\t\t\n\t\t\t\t\t<\/div>\n\t\t<\/a>\t\t\t\t\t\t<\/div>\n\t\t\t\t\t\t\t\t\t\t\t<div class=\"swiper-slide\" role=\"group\" aria-roledescription=\"slide\">\n\t\t\t\t\t\t\t<a href=\"https:\/\/bolliger-co.ch\/\" target=\"_blank\" rel=\"noopener\">\t\t<div class=\"elementor-carousel-image\" role=\"img\" aria-label=\"\" style=\"background-image: url(&#039;https:\/\/advk.ch\/wp-content\/uploads\/Bolliger-Kanalunterhalt.png&#039;)\">\n\n\t\t\t\n\t\t\t\t\t<\/div>\n\t\t<\/a>\t\t\t\t\t\t<\/div>\n\t\t\t\t\t\t\t\t\t\t\t<div class=\"swiper-slide\" role=\"group\" aria-roledescription=\"slide\">\n\t\t\t\t\t\t\t<a href=\"https:\/\/www.candlandi.com\/\" target=\"_blank\" rel=\"noopener\">\t\t<div class=\"elementor-carousel-image\" role=\"img\" aria-label=\"CAND-LANDI\" style=\"background-image: url(&#039;https:\/\/advk.ch\/wp-content\/uploads\/CAND-LANDI-1.jpg&#039;)\">\n\n\t\t\t\n\t\t\t\t\t<\/div>\n\t\t<\/a>\t\t\t\t\t\t<\/div>\n\t\t\t\t\t\t\t\t\t\t\t<div class=\"swiper-slide\" role=\"group\" aria-roledescription=\"slide\">\n\t\t\t\t\t\t\t<a href=\"https:\/\/www.groupevonarx.ch\/\" target=\"_blank\" rel=\"noopener\">\t\t<div class=\"elementor-carousel-image\" role=\"img\" aria-label=\"Dacsa_vonarx\" style=\"background-image: url(&#039;https:\/\/advk.ch\/wp-content\/uploads\/Dacsa_vonarx.svg&#039;)\">\n\n\t\t\t\n\t\t\t\t\t<\/div>\n\t\t<\/a>\t\t\t\t\t\t<\/div>\n\t\t\t\t\t\t\t\t\t\t\t<div class=\"swiper-slide\" role=\"group\" aria-roledescription=\"slide\">\n\t\t\t\t\t\t\t<a href=\"https:\/\/www.enz.com\/de\/home\" target=\"_blank\" rel=\"noopener\">\t\t<div class=\"elementor-carousel-image\" role=\"img\" aria-label=\"Enz_Logo_rgb\" style=\"background-image: url(&#039;https:\/\/advk.ch\/wp-content\/uploads\/Enz_Logo_rgb-scaled.png&#039;)\">\n\n\t\t\t\n\t\t\t\t\t<\/div>\n\t\t<\/a>\t\t\t\t\t\t<\/div>\n\t\t\t\t\t\t\t\t\t\t\t<div class=\"swiper-slide\" role=\"group\" aria-roledescription=\"slide\">\n\t\t\t\t\t\t\t<a href=\"https:\/\/www.fretz-ag.ch\/\" target=\"_blank\" rel=\"noopener\">\t\t<div class=\"elementor-carousel-image\" role=\"img\" aria-label=\"Fretz_Logo_neu_jpg\" style=\"background-image: url(&#039;https:\/\/advk.ch\/wp-content\/uploads\/Fretz_Logo_neu_jpg.jpg&#039;)\">\n\n\t\t\t\n\t\t\t\t\t<\/div>\n\t\t<\/a>\t\t\t\t\t\t<\/div>\n\t\t\t\t\t\t\t\t\t\t\t<div class=\"swiper-slide\" role=\"group\" aria-roledescription=\"slide\">\n\t\t\t\t\t\t\t<a href=\"https:\/\/www.gerber-ag.ch\/\" target=\"_blank\" rel=\"noopener\">\t\t<div class=\"elementor-carousel-image\" role=\"img\" aria-label=\"gerber_02\" style=\"background-image: url(&#039;https:\/\/advk.ch\/wp-content\/uploads\/gerber_02.png&#039;)\">\n\n\t\t\t\n\t\t\t\t\t<\/div>\n\t\t<\/a>\t\t\t\t\t\t<\/div>\n\t\t\t\t\t\t\t\t\t\t\t<div class=\"swiper-slide\" role=\"group\" aria-roledescription=\"slide\">\n\t\t\t\t\t\t\t<a href=\"https:\/\/www.huber-umweltlogistik.ch\/\" target=\"_blank\" rel=\"noopener\">\t\t<div class=\"elementor-carousel-image\" role=\"img\" aria-label=\"Huber_Umweltlogistik-AG\" style=\"background-image: url(&#039;https:\/\/advk.ch\/wp-content\/uploads\/Huber_Umweltlogistik-AG.svg&#039;)\">\n\n\t\t\t\n\t\t\t\t\t<\/div>\n\t\t<\/a>\t\t\t\t\t\t<\/div>\n\t\t\t\t\t\t\t\t\t\t\t<div class=\"swiper-slide\" role=\"group\" aria-roledescription=\"slide\">\n\t\t\t\t\t\t\t<a href=\"https:\/\/www.hubert-etter.ch\/fr\/\" target=\"_blank\" rel=\"noopener\">\t\t<div class=\"elementor-carousel-image\" role=\"img\" aria-label=\"Hubert_Etter_et_Fils_S.A\" style=\"background-image: url(&#039;https:\/\/advk.ch\/wp-content\/uploads\/Hubert_Etter_et_Fils_S.A.webp&#039;)\">\n\n\t\t\t\n\t\t\t\t\t<\/div>\n\t\t<\/a>\t\t\t\t\t\t<\/div>\n\t\t\t\t\t\t\t\t\t\t\t<div class=\"swiper-slide\" role=\"group\" aria-roledescription=\"slide\">\n\t\t\t\t\t\t\t<a href=\"https:\/\/itskanal.ch\/\" target=\"_blank\" rel=\"noopener\">\t\t<div class=\"elementor-carousel-image\" role=\"img\" aria-label=\"its-kanal-services\" style=\"background-image: url(&#039;https:\/\/advk.ch\/wp-content\/uploads\/its-kanal-services.png&#039;)\">\n\n\t\t\t\n\t\t\t\t\t<\/div>\n\t\t<\/a>\t\t\t\t\t\t<\/div>\n\t\t\t\t\t\t\t\t\t\t\t<div class=\"swiper-slide\" role=\"group\" aria-roledescription=\"slide\">\n\t\t\t\t\t\t\t<a href=\"https:\/\/www.kanaltotal.ch\/\" target=\"_blank\" rel=\"noopener\">\t\t<div class=\"elementor-carousel-image\" role=\"img\" aria-label=\"Kanaltotal-(Ha\u0308chler-Reutlinger)\" style=\"background-image: url(&#039;https:\/\/advk.ch\/wp-content\/uploads\/Kanaltotal-Haechler-Reutlinger.jpg&#039;)\">\n\n\t\t\t\n\t\t\t\t\t<\/div>\n\t\t<\/a>\t\t\t\t\t\t<\/div>\n\t\t\t\t\t\t\t\t\t\t\t<div class=\"swiper-slide\" role=\"group\" aria-roledescription=\"slide\">\n\t\t\t\t\t\t\t<a href=\"https:\/\/www.kibag.ch\/de\/\" target=\"_blank\" rel=\"noopener\">\t\t<div class=\"elementor-carousel-image\" role=\"img\" aria-label=\"Kibag_Logo\" style=\"background-image: url(&#039;https:\/\/advk.ch\/wp-content\/uploads\/Kibag_Logo.svg&#039;)\">\n\n\t\t\t\n\t\t\t\t\t<\/div>\n\t\t<\/a>\t\t\t\t\t\t<\/div>\n\t\t\t\t\t\t\t\t\t\t\t<div class=\"swiper-slide\" role=\"group\" aria-roledescription=\"slide\">\n\t\t\t\t\t\t\t<a href=\"https:\/\/groupe-kunzli.ch\/\" target=\"_blank\" rel=\"noopener\">\t\t<div class=\"elementor-carousel-image\" role=\"img\" aria-label=\"Ku\u0308nzli_Groupe_logo\" style=\"background-image: url(&#039;https:\/\/advk.ch\/wp-content\/uploads\/Kuenzli_Groupe_logo.jpg&#039;)\">\n\n\t\t\t\n\t\t\t\t\t<\/div>\n\t\t<\/a>\t\t\t\t\t\t<\/div>\n\t\t\t\t\t\t\t\t\t\t\t<div class=\"swiper-slide\" role=\"group\" aria-roledescription=\"slide\">\n\t\t\t\t\t\t\t<a href=\"https:\/\/jms.ch\/landolt\/\" target=\"_blank\" rel=\"noopener\">\t\t<div class=\"elementor-carousel-image\" role=\"img\" aria-label=\"Landolt-Transport-AG\" style=\"background-image: url(&#039;https:\/\/advk.ch\/wp-content\/uploads\/Landolt-Transport-AG.jpg&#039;)\">\n\n\t\t\t\n\t\t\t\t\t<\/div>\n\t\t<\/a>\t\t\t\t\t\t<\/div>\n\t\t\t\t\t\t\t\t\t\t\t<div class=\"swiper-slide\" role=\"group\" aria-roledescription=\"slide\">\n\t\t\t\t\t\t\t<a href=\"https:\/\/www.liaudet-pial.ch\/\" target=\"_blank\" rel=\"noopener\">\t\t<div class=\"elementor-carousel-image\" role=\"img\" aria-label=\"Liaudet-Pial-SA\" style=\"background-image: url(&#039;https:\/\/advk.ch\/wp-content\/uploads\/Liaudet-Pial-SA.png&#039;)\">\n\n\t\t\t\n\t\t\t\t\t<\/div>\n\t\t<\/a>\t\t\t\t\t\t<\/div>\n\t\t\t\t\t\t\t\t\t\t\t<div class=\"swiper-slide\" role=\"group\" aria-roledescription=\"slide\">\n\t\t\t\t\t\t\t<a href=\"https:\/\/www.kanalfritz.ch\/\" target=\"_blank\" rel=\"noopener\">\t\t<div class=\"elementor-carousel-image\" role=\"img\" aria-label=\"Logo_Kanalfritz\" style=\"background-image: url(&#039;https:\/\/advk.ch\/wp-content\/uploads\/Logo_Kanalfritz-1-scaled.png&#039;)\">\n\n\t\t\t\n\t\t\t\t\t<\/div>\n\t\t<\/a>\t\t\t\t\t\t<\/div>\n\t\t\t\t\t\t\t\t\t\t\t<div class=\"swiper-slide\" role=\"group\" aria-roledescription=\"slide\">\n\t\t\t\t\t\t\t<a href=\"https:\/\/transauto.ch\/\" target=\"_blank\" rel=\"noopener\">\t\t<div class=\"elementor-carousel-image\" role=\"img\" aria-label=\"logo_trans-auto\" style=\"background-image: url(&#039;https:\/\/advk.ch\/wp-content\/uploads\/logo_trans-auto.webp&#039;)\">\n\n\t\t\t\n\t\t\t\t\t<\/div>\n\t\t<\/a>\t\t\t\t\t\t<\/div>\n\t\t\t\t\t\t\t\t\t\t\t<div class=\"swiper-slide\" role=\"group\" aria-roledescription=\"slide\">\n\t\t\t\t\t\t\t<a href=\"https:\/\/marquis.ch\/\" target=\"_blank\" rel=\"noopener\">\t\t<div class=\"elementor-carousel-image\" role=\"img\" aria-label=\"Logo-Marquis-RGB\" style=\"background-image: url(&#039;https:\/\/advk.ch\/wp-content\/uploads\/Logo-Marquis-RGB.png&#039;)\">\n\n\t\t\t\n\t\t\t\t\t<\/div>\n\t\t<\/a>\t\t\t\t\t\t<\/div>\n\t\t\t\t\t\t\t\t\t\t\t<div class=\"swiper-slide\" role=\"group\" aria-roledescription=\"slide\">\n\t\t\t\t\t\t\t<a href=\"https:\/\/markwalderag-schweiz.ch\/\" target=\"_blank\" rel=\"noopener\">\t\t<div class=\"elementor-carousel-image\" role=\"img\" aria-label=\"Markwalder-400\" style=\"background-image: url(&#039;https:\/\/advk.ch\/wp-content\/uploads\/Markwalder-400.png&#039;)\">\n\n\t\t\t\n\t\t\t\t\t<\/div>\n\t\t<\/a>\t\t\t\t\t\t<\/div>\n\t\t\t\t\t\t\t\t\t\t\t<div class=\"swiper-slide\" role=\"group\" aria-roledescription=\"slide\">\n\t\t\t\t\t\t\t<a href=\"https:\/\/moekah.moekah-gruppe.ch\/\" target=\"_blank\" rel=\"noopener\">\t\t<div class=\"elementor-carousel-image\" role=\"img\" aria-label=\"moekah-logo\" style=\"background-image: url(&#039;https:\/\/advk.ch\/wp-content\/uploads\/moekah-logo-scaled.png&#039;)\">\n\n\t\t\t\n\t\t\t\t\t<\/div>\n\t\t<\/a>\t\t\t\t\t\t<\/div>\n\t\t\t\t\t\t\t\t\t\t\t<div class=\"swiper-slide\" role=\"group\" aria-roledescription=\"slide\">\n\t\t\t\t\t\t\t<a href=\"https:\/\/www.rimtec.ch\/\" target=\"_blank\" rel=\"noopener\">\t\t<div class=\"elementor-carousel-image\" role=\"img\" aria-label=\"RIMTEC\" style=\"background-image: url(&#039;https:\/\/advk.ch\/wp-content\/uploads\/RIMTEC.gif&#039;)\">\n\n\t\t\t\n\t\t\t\t\t<\/div>\n\t\t<\/a>\t\t\t\t\t\t<\/div>\n\t\t\t\t\t\t\t\t\t\t\t<div class=\"swiper-slide\" role=\"group\" aria-roledescription=\"slide\">\n\t\t\t\t\t\t\t<a href=\"https:\/\/www.selhofer.ch\/\" target=\"_blank\" rel=\"noopener\">\t\t<div class=\"elementor-carousel-image\" role=\"img\" aria-label=\"selhofer-kanalservices\" style=\"background-image: url(&#039;https:\/\/advk.ch\/wp-content\/uploads\/selhofer-kanalservices.svg&#039;)\">\n\n\t\t\t\n\t\t\t\t\t<\/div>\n\t\t<\/a>\t\t\t\t\t\t<\/div>\n\t\t\t\t\t\t\t\t\t\t\t<div class=\"swiper-slide\" role=\"group\" aria-roledescription=\"slide\">\n\t\t\t\t\t\t\t<a href=\"https:\/\/stadt.winterthur.ch\/\" target=\"_blank\" rel=\"noopener\">\t\t<div class=\"elementor-carousel-image\" role=\"img\" aria-label=\"Stadt_Winterthur_schwarz-rot\" style=\"background-image: url(&#039;https:\/\/advk.ch\/wp-content\/uploads\/Stadt_Winterthur_schwarz-rot.svg&#039;)\">\n\n\t\t\t\n\t\t\t\t\t<\/div>\n\t\t<\/a>\t\t\t\t\t\t<\/div>\n\t\t\t\t\t\t\t\t\t\t\t<div class=\"swiper-slide\" role=\"group\" aria-roledescription=\"slide\">\n\t\t\t\t\t\t\t<a href=\"https:\/\/www.wullschleger.com\/\" target=\"_blank\" rel=\"noopener\">\t\t<div class=\"elementor-carousel-image\" role=\"img\" aria-label=\"wullschleger-logo\" style=\"background-image: url(&#039;https:\/\/advk.ch\/wp-content\/uploads\/wullschleger-logo.png&#039;)\">\n\n\t\t\t\n\t\t\t\t\t<\/div>\n\t\t<\/a>\t\t\t\t\t\t<\/div>\n\t\t\t\t\t\t\t\t\t\t\t<div class=\"swiper-slide\" role=\"group\" aria-roledescription=\"slide\">\n\t\t\t\t\t\t\t<a href=\"https:\/\/www.stadt-zuerich.ch\/de\/politik-und-verwaltung\/stadtverwaltung\/ted\/erz.html\" target=\"_blank\" rel=\"noopener\">\t\t<div class=\"elementor-carousel-image\" role=\"img\" aria-label=\"Zu\u0308rich_Entsorgung+Recycling\" style=\"background-image: url(&#039;https:\/\/advk.ch\/wp-content\/uploads\/Zuerich_EntsorgungRecycling.jpg&#039;)\">\n\n\t\t\t\n\t\t\t\t\t<\/div>\n\t\t<\/a>\t\t\t\t\t\t<\/div>\n\t\t\t\t\t\t\t\t\t<\/div>\n\t\t\t\t\t\t\t\t\t\t\t\t\t\t\t\t\t\t\t\t\t<\/div>\n\t\t\t\t<\/div>\n\t\t\t\t\t\t\t\t<\/div>\n\t\t\t\t<\/div>\n\t\t\t\t\t<\/div>\n\t\t\t\t<\/div>\n\t\t\t\t<\/div>\n\t\t","protected":false},"excerpt":{"rendered":"<p>Pr\u00e9vention s\u00e9curit\u00e9 et sant\u00e9 lors du transport de d\u00e9chets Transfert des d\u00e9chets liquides des camions d&rsquo;aspiration et de rin\u00e7age Centre TCS Cossonay OACP reconnu (1 jour) Prix pour les membres [&hellip;]<\/p>\n","protected":false},"author":1,"featured_media":0,"parent":0,"menu_order":0,"comment_status":"closed","ping_status":"closed","template":"","meta":{"footnotes":""},"class_list":["post-4329","page","type-page","status-publish","hentry"],"publishpress_future_action":{"enabled":false,"date":"2026-05-21 12:22:23","action":"change-status","newStatus":"draft","terms":[],"taxonomy":"translation_priority","extraData":[]},"publishpress_future_workflow_manual_trigger":{"enabledWorkflows":[]},"_links":{"self":[{"href":"https:\/\/advk.ch\/fr\/wp-json\/wp\/v2\/pages\/4329","targetHints":{"allow":["GET"]}}],"collection":[{"href":"https:\/\/advk.ch\/fr\/wp-json\/wp\/v2\/pages"}],"about":[{"href":"https:\/\/advk.ch\/fr\/wp-json\/wp\/v2\/types\/page"}],"author":[{"embeddable":true,"href":"https:\/\/advk.ch\/fr\/wp-json\/wp\/v2\/users\/1"}],"replies":[{"embeddable":true,"href":"https:\/\/advk.ch\/fr\/wp-json\/wp\/v2\/comments?post=4329"}],"version-history":[{"count":6,"href":"https:\/\/advk.ch\/fr\/wp-json\/wp\/v2\/pages\/4329\/revisions"}],"predecessor-version":[{"id":6507,"href":"https:\/\/advk.ch\/fr\/wp-json\/wp\/v2\/pages\/4329\/revisions\/6507"}],"wp:attachment":[{"href":"https:\/\/advk.ch\/fr\/wp-json\/wp\/v2\/media?parent=4329"}],"curies":[{"name":"wp","href":"https:\/\/api.w.org\/{rel}","templated":true}]}}