{"id":4365,"date":"2025-05-06T14:19:22","date_gmt":"2025-05-06T12:19:22","guid":{"rendered":"https:\/\/advk.ch.80-74-156-75.zeus.metanet.ch\/a-propos-de-la-profession\/"},"modified":"2025-09-16T13:17:01","modified_gmt":"2025-09-16T11:17:01","slug":"a-propos-de-la-profession","status":"publish","type":"page","link":"https:\/\/advk.ch\/fr\/a-propos-de-la-profession\/","title":{"rendered":"\u00c0 propos de la profession"},"content":{"rendered":"\t\t<div data-elementor-type=\"wp-page\" data-elementor-id=\"4365\" class=\"elementor elementor-4365 elementor-59\" data-elementor-post-type=\"page\">\n\t\t\t\t<div class=\"elementor-element elementor-element-ad58ef1 e-con-full e-flex e-con e-parent\" data-id=\"ad58ef1\" data-element_type=\"container\" data-e-type=\"container\" data-settings=\"{&quot;background_background&quot;:&quot;classic&quot;}\">\n\t\t\t\t<\/div>\n\t\t<div class=\"elementor-element elementor-element-5ab8520 e-flex e-con-boxed e-con e-parent\" data-id=\"5ab8520\" data-element_type=\"container\" data-e-type=\"container\">\n\t\t\t\t\t<div class=\"e-con-inner\">\n\t\t\t\t<div class=\"elementor-element elementor-element-d4fd54f elementor-widget elementor-widget-heading\" data-id=\"d4fd54f\" data-element_type=\"widget\" data-e-type=\"widget\" data-widget_type=\"heading.default\">\n\t\t\t\t<div class=\"elementor-widget-container\">\n\t\t\t\t\t<h1 class=\"elementor-heading-title elementor-size-default\">\u00c0 propos de la profession<\/h1>\t\t\t\t<\/div>\n\t\t\t\t<\/div>\n\t\t\t\t<div class=\"elementor-element elementor-element-b559d27 elementor-widget elementor-widget-text-editor\" data-id=\"b559d27\" data-element_type=\"widget\" data-e-type=\"widget\" data-widget_type=\"text-editor.default\">\n\t\t\t\t<div class=\"elementor-widget-container\">\n\t\t\t\t\t\t\t\t\t<h3>Tout ce qu&rsquo;il faut savoir sur l&rsquo;apprentissage dans le secteur de l&rsquo;assainissement<\/h3>\t\t\t\t\t\t\t\t<\/div>\n\t\t\t\t<\/div>\n\t\t\t\t\t<\/div>\n\t\t\t\t<\/div>\n\t\t<div class=\"elementor-element elementor-element-8b2a76d e-flex e-con-boxed e-con e-parent\" data-id=\"8b2a76d\" data-element_type=\"container\" data-e-type=\"container\">\n\t\t\t\t\t<div class=\"e-con-inner\">\n\t\t\t\t<div class=\"elementor-element elementor-element-9e98295 elementor-position-right elementor-position-right elementor-position-top elementor-vertical-align-top elementor-widget elementor-widget-image-box\" data-id=\"9e98295\" data-element_type=\"widget\" data-e-type=\"widget\" data-widget_type=\"image-box.default\">\n\t\t\t\t<div class=\"elementor-widget-container\">\n\t\t\t\t\t<div class=\"elementor-image-box-wrapper\"><figure class=\"elementor-image-box-img\"><img fetchpriority=\"high\" decoding=\"async\" width=\"335\" height=\"235\" src=\"https:\/\/advk.ch\/wp-content\/uploads\/beruf001.webp\" class=\"attachment-full size-full wp-image-2355\" alt=\"\" srcset=\"https:\/\/advk.ch\/wp-content\/uploads\/beruf001.webp 335w, https:\/\/advk.ch\/wp-content\/uploads\/beruf001-300x210.webp 300w\" sizes=\"(max-width: 335px) 100vw, 335px\" \/><\/figure><div class=\"elementor-image-box-content\"><h3 class=\"elementor-image-box-title\">1. inspection des \u00e9gouts - inspection t\u00e9l\u00e9vis\u00e9e des \u00e9gouts<\/h3><p class=\"elementor-image-box-description\">Une cam\u00e9ra t\u00e9l\u00e9command\u00e9e, qui est d\u00e9plac\u00e9e ou pouss\u00e9e \u00e0 travers le canal, permet de constater et d'enregistrer l'\u00e9tat de la canalisation. Il est ainsi possible de d\u00e9tecter les dommages (racines, ruptures de tuyaux, etc.) et les \u00e9carts de position. <\/p><\/div><\/div>\t\t\t\t<\/div>\n\t\t\t\t<\/div>\n\t\t\t\t<div class=\"elementor-element elementor-element-590ddee elementor-position-right elementor-position-right elementor-position-top elementor-vertical-align-top elementor-widget elementor-widget-image-box\" data-id=\"590ddee\" data-element_type=\"widget\" data-e-type=\"widget\" data-widget_type=\"image-box.default\">\n\t\t\t\t<div class=\"elementor-widget-container\">\n\t\t\t\t\t<div class=\"elementor-image-box-wrapper\"><figure class=\"elementor-image-box-img\"><img decoding=\"async\" width=\"335\" height=\"235\" src=\"https:\/\/advk.ch\/wp-content\/uploads\/beruf002.webp\" class=\"attachment-full size-full wp-image-2358\" alt=\"\" srcset=\"https:\/\/advk.ch\/wp-content\/uploads\/beruf002.webp 335w, https:\/\/advk.ch\/wp-content\/uploads\/beruf002-300x210.webp 300w\" sizes=\"(max-width: 335px) 100vw, 335px\" \/><\/figure><div class=\"elementor-image-box-content\"><h3 class=\"elementor-image-box-title\">2. nettoyage des \u00e9gouts<\/h3><p class=\"elementor-image-box-description\">Les pr\u00e9cieux ouvrages d'infrastructure publique doivent \u00eatre r\u00e9guli\u00e8rement entretenus et contr\u00f4l\u00e9s. Ce n'est qu'ainsi que les installations d'assainissement fortement sollicit\u00e9es peuvent remplir leur importante fonction sans faille et 24 heures sur 24. Un investissement pr\u00e9voyant et planifi\u00e9 dans l'entretien permet d'\u00e9viter des interruptions de service d\u00e9sagr\u00e9ables et de prolonger la dur\u00e9e de vie de leurs installations.  <\/p><\/div><\/div>\t\t\t\t<\/div>\n\t\t\t\t<\/div>\n\t\t\t\t<div class=\"elementor-element elementor-element-c1b630a elementor-position-right elementor-position-right elementor-position-top elementor-vertical-align-top elementor-widget elementor-widget-image-box\" data-id=\"c1b630a\" data-element_type=\"widget\" data-e-type=\"widget\" data-widget_type=\"image-box.default\">\n\t\t\t\t<div class=\"elementor-widget-container\">\n\t\t\t\t\t<div class=\"elementor-image-box-wrapper\"><figure class=\"elementor-image-box-img\"><img decoding=\"async\" width=\"335\" height=\"235\" src=\"https:\/\/advk.ch\/wp-content\/uploads\/beruf003.webp\" class=\"attachment-full size-full wp-image-2361\" alt=\"\" srcset=\"https:\/\/advk.ch\/wp-content\/uploads\/beruf003.webp 335w, https:\/\/advk.ch\/wp-content\/uploads\/beruf003-300x210.webp 300w\" sizes=\"(max-width: 335px) 100vw, 335px\" \/><\/figure><div class=\"elementor-image-box-content\"><h3 class=\"elementor-image-box-title\">3. inspection des canalisations - test d'\u00e9tanch\u00e9it\u00e9<\/h3><p class=\"elementor-image-box-description\">L'inspection visuelle des canalisations ne permet pas de d\u00e9tecter les fuites avec certitude. Seul un test d'\u00e9tanch\u00e9it\u00e9 peut apporter la certitude. Le tron\u00e7on de canalisation \u00e0 tester est ferm\u00e9 aux deux extr\u00e9mit\u00e9s par une bulle d'essai et une surpression est cr\u00e9\u00e9e par de l'eau ou de l'air. La chute de pression ou la perte d'eau est mesur\u00e9e et enregistr\u00e9e.   <\/p><\/div><\/div>\t\t\t\t<\/div>\n\t\t\t\t<\/div>\n\t\t\t\t<div class=\"elementor-element elementor-element-dee4456 elementor-position-right elementor-position-right elementor-position-top elementor-vertical-align-top elementor-widget elementor-widget-image-box\" data-id=\"dee4456\" data-element_type=\"widget\" data-e-type=\"widget\" data-widget_type=\"image-box.default\">\n\t\t\t\t<div class=\"elementor-widget-container\">\n\t\t\t\t\t<div class=\"elementor-image-box-wrapper\"><figure class=\"elementor-image-box-img\"><img loading=\"lazy\" decoding=\"async\" width=\"335\" height=\"235\" src=\"https:\/\/advk.ch\/wp-content\/uploads\/beruf004.webp\" class=\"attachment-full size-full wp-image-2364\" alt=\"\" srcset=\"https:\/\/advk.ch\/wp-content\/uploads\/beruf004.webp 335w, https:\/\/advk.ch\/wp-content\/uploads\/beruf004-300x210.webp 300w\" sizes=\"(max-width: 335px) 100vw, 335px\" \/><\/figure><div class=\"elementor-image-box-content\"><h3 class=\"elementor-image-box-title\">4. inspection des canalisations - localisation des conduites<\/h3><p class=\"elementor-image-box-description\">Dans les immeubles anciens, les plans des \u00e9gouts font souvent d\u00e9faut et le trac\u00e9 des canalisations est difficile \u00e0 \u00e9valuer, ce qui entra\u00eene des fouilles de sondage co\u00fbteuses. L'introduction d'appareils de localisation permet de localiser le signal de transmission en surface \u00e0 l'aide d'un appareil de r\u00e9ception. Le trac\u00e9 effectif de la canalisation est dessin\u00e9 directement sur le sol ou sur le mur et not\u00e9 sur le plan.  <\/p><\/div><\/div>\t\t\t\t<\/div>\n\t\t\t\t<\/div>\n\t\t\t\t<div class=\"elementor-element elementor-element-6bd0063 elementor-position-right elementor-position-right elementor-position-top elementor-vertical-align-top elementor-widget elementor-widget-image-box\" data-id=\"6bd0063\" data-element_type=\"widget\" data-e-type=\"widget\" data-widget_type=\"image-box.default\">\n\t\t\t\t<div class=\"elementor-widget-container\">\n\t\t\t\t\t<div class=\"elementor-image-box-wrapper\"><figure class=\"elementor-image-box-img\"><img loading=\"lazy\" decoding=\"async\" width=\"335\" height=\"235\" src=\"https:\/\/advk.ch\/wp-content\/uploads\/beruf005.webp\" class=\"attachment-full size-full wp-image-2367\" alt=\"\" srcset=\"https:\/\/advk.ch\/wp-content\/uploads\/beruf005.webp 335w, https:\/\/advk.ch\/wp-content\/uploads\/beruf005-300x210.webp 300w\" sizes=\"(max-width: 335px) 100vw, 335px\" \/><\/figure><div class=\"elementor-image-box-content\"><h3 class=\"elementor-image-box-title\">5. r\u00e9novation des \u00e9gouts<\/h3><p class=\"elementor-image-box-description\">Le bon fonctionnement des canalisations est la pierre angulaire de l'\u00e9vacuation des eaux. Les mouvements de terrain, le vieillissement, le type de mat\u00e9riau ou tout simplement les racines qui cherchent de l'eau endommagent les canalisations, ce qui entra\u00eene l'\u00e9coulement des eaux us\u00e9es dans les nappes phr\u00e9atiques et l'humidit\u00e9 des murs, voire des obstructions et des ruptures de canalisations qui provoquent des inondations. Il existe diff\u00e9rentes m\u00e9thodes pour la r\u00e9novation des \u00e9gouts. R\u00e9paration, r\u00e9habilitation, renouvellement.   <\/p><\/div><\/div>\t\t\t\t<\/div>\n\t\t\t\t<\/div>\n\t\t\t\t<div class=\"elementor-element elementor-element-112c58e elementor-position-right elementor-position-right elementor-position-top elementor-vertical-align-top elementor-widget elementor-widget-image-box\" data-id=\"112c58e\" data-element_type=\"widget\" data-e-type=\"widget\" data-widget_type=\"image-box.default\">\n\t\t\t\t<div class=\"elementor-widget-container\">\n\t\t\t\t\t<div class=\"elementor-image-box-wrapper\"><figure class=\"elementor-image-box-img\"><img loading=\"lazy\" decoding=\"async\" width=\"335\" height=\"235\" src=\"https:\/\/advk.ch\/wp-content\/uploads\/beruf006.webp\" class=\"attachment-full size-full wp-image-2370\" alt=\"\" srcset=\"https:\/\/advk.ch\/wp-content\/uploads\/beruf006.webp 335w, https:\/\/advk.ch\/wp-content\/uploads\/beruf006-300x210.webp 300w\" sizes=\"(max-width: 335px) 100vw, 335px\" \/><\/figure><div class=\"elementor-image-box-content\"><h3 class=\"elementor-image-box-title\">6. nettoyage des \u00e9gouts<\/h3><p class=\"elementor-image-box-description\">En raison de l'utilisation quotidienne, le calcaire et la graisse se d\u00e9posent dans les tuyaux des \u00e9gouts. Les gaz d'\u00e9gout attaquent les parois des canalisations, les racines qui y poussent provoquent des destructions et entra\u00eenent des obstructions. Pour \u00e9viter de tels dommages, il est possible de faire de la pr\u00e9vention : un nettoyage r\u00e9gulier permet de pr\u00e9server l'\u00e9tat et donc la valeur des canalisations. On \u00e9vite ainsi des travaux de creusement co\u00fbteux et on r\u00e9duit le risque d'inondation.   <\/p><\/div><\/div>\t\t\t\t<\/div>\n\t\t\t\t<\/div>\n\t\t\t\t\t<\/div>\n\t\t\t\t<\/div>\n\t\t<div class=\"elementor-element elementor-element-f039a55 e-flex e-con-boxed e-con e-parent\" data-id=\"f039a55\" data-element_type=\"container\" data-e-type=\"container\">\n\t\t\t\t\t<div class=\"e-con-inner\">\n\t\t\t\t<div class=\"elementor-element elementor-element-9d5d2c6 elementor-align-center elementor-widget elementor-widget-button\" data-id=\"9d5d2c6\" data-element_type=\"widget\" data-e-type=\"widget\" data-widget_type=\"button.default\">\n\t\t\t\t<div class=\"elementor-widget-container\">\n\t\t\t\t\t\t\t\t\t<div class=\"elementor-button-wrapper\">\n\t\t\t\t\t<a class=\"elementor-button elementor-button-link elementor-size-sm\" href=\"\/#\">\n\t\t\t\t\t\t<span class=\"elementor-button-content-wrapper\">\n\t\t\t\t\t\t\t\t\t<span class=\"elementor-button-text\">Ensemble du paysage \u00e9ducatif<\/span>\n\t\t\t\t\t<\/span>\n\t\t\t\t\t<\/a>\n\t\t\t\t<\/div>\n\t\t\t\t\t\t\t\t<\/div>\n\t\t\t\t<\/div>\n\t\t\t\t\t<\/div>\n\t\t\t\t<\/div>\n\t\t\t\t<\/div>\n\t\t","protected":false},"excerpt":{"rendered":"<p>\u00c0 propos de la profession Tout ce qu&rsquo;il faut savoir sur l&rsquo;apprentissage dans le secteur de l&rsquo;assainissement 1. inspection des \u00e9gouts &#8211; inspection t\u00e9l\u00e9vis\u00e9e des \u00e9gouts Une cam\u00e9ra t\u00e9l\u00e9command\u00e9e, qui [&hellip;]<\/p>\n","protected":false},"author":1,"featured_media":0,"parent":0,"menu_order":0,"comment_status":"closed","ping_status":"closed","template":"","meta":{"footnotes":""},"class_list":["post-4365","page","type-page","status-publish","hentry"],"publishpress_future_action":{"enabled":false,"date":"2026-05-21 11:30:18","action":"change-status","newStatus":"draft","terms":[],"taxonomy":"translation_priority","extraData":[]},"publishpress_future_workflow_manual_trigger":{"enabledWorkflows":[]},"_links":{"self":[{"href":"https:\/\/advk.ch\/fr\/wp-json\/wp\/v2\/pages\/4365","targetHints":{"allow":["GET"]}}],"collection":[{"href":"https:\/\/advk.ch\/fr\/wp-json\/wp\/v2\/pages"}],"about":[{"href":"https:\/\/advk.ch\/fr\/wp-json\/wp\/v2\/types\/page"}],"author":[{"embeddable":true,"href":"https:\/\/advk.ch\/fr\/wp-json\/wp\/v2\/users\/1"}],"replies":[{"embeddable":true,"href":"https:\/\/advk.ch\/fr\/wp-json\/wp\/v2\/comments?post=4365"}],"version-history":[{"count":0,"href":"https:\/\/advk.ch\/fr\/wp-json\/wp\/v2\/pages\/4365\/revisions"}],"wp:attachment":[{"href":"https:\/\/advk.ch\/fr\/wp-json\/wp\/v2\/media?parent=4365"}],"curies":[{"name":"wp","href":"https:\/\/api.w.org\/{rel}","templated":true}]}}