{"id":4373,"date":"2025-05-06T14:19:42","date_gmt":"2025-05-06T12:19:42","guid":{"rendered":"https:\/\/advk.ch.80-74-156-75.zeus.metanet.ch\/contact\/"},"modified":"2025-09-16T13:17:01","modified_gmt":"2025-09-16T11:17:01","slug":"contact","status":"publish","type":"page","link":"https:\/\/advk.ch\/fr\/contact\/","title":{"rendered":"Contact"},"content":{"rendered":"\t\t<div data-elementor-type=\"wp-page\" data-elementor-id=\"4373\" class=\"elementor elementor-4373 elementor-61\" data-elementor-post-type=\"page\">\n\t\t\t\t<div class=\"elementor-element elementor-element-5c8f619 e-con-full e-flex e-con e-parent\" data-id=\"5c8f619\" data-element_type=\"container\" data-e-type=\"container\" data-settings=\"{&quot;background_background&quot;:&quot;classic&quot;}\">\n\t\t\t\t<\/div>\n\t\t<div class=\"elementor-element elementor-element-669f648 e-flex e-con-boxed e-con e-parent\" data-id=\"669f648\" data-element_type=\"container\" data-e-type=\"container\">\n\t\t\t\t\t<div class=\"e-con-inner\">\n\t\t\t\t<div class=\"elementor-element elementor-element-c33c45b elementor-widget elementor-widget-heading\" data-id=\"c33c45b\" data-element_type=\"widget\" data-e-type=\"widget\" data-widget_type=\"heading.default\">\n\t\t\t\t<div class=\"elementor-widget-container\">\n\t\t\t\t\t<h1 class=\"elementor-heading-title elementor-size-default\">Contact<\/h1>\t\t\t\t<\/div>\n\t\t\t\t<\/div>\n\t\t\t\t<div class=\"elementor-element elementor-element-4539b5c elementor-widget elementor-widget-text-editor\" data-id=\"4539b5c\" data-element_type=\"widget\" data-e-type=\"widget\" data-widget_type=\"text-editor.default\">\n\t\t\t\t<div class=\"elementor-widget-container\">\n\t\t\t\t\t\t\t\t\t<h3>N&rsquo;h\u00e9sitez pas \u00e0 nous contacter.  <br>Nous sommes toujours heureux de vous aider !<\/h3>\t\t\t\t\t\t\t\t<\/div>\n\t\t\t\t<\/div>\n\t\t\t\t\t<\/div>\n\t\t\t\t<\/div>\n\t\t<div class=\"elementor-element elementor-element-2fd29a57 e-flex e-con-boxed e-con e-parent\" data-id=\"2fd29a57\" data-element_type=\"container\" data-e-type=\"container\">\n\t\t\t\t\t<div class=\"e-con-inner\">\n\t\t\t\t<div class=\"elementor-element elementor-element-4f016b8a elementor-button-align-stretch elementor-widget elementor-widget-form\" data-id=\"4f016b8a\" data-element_type=\"widget\" data-e-type=\"widget\" data-settings=\"{&quot;step_next_label&quot;:&quot;Prochain&quot;,&quot;step_previous_label&quot;:&quot;Pr\\u00e9c\\u00e9dent&quot;,&quot;step_type&quot;:&quot;number_text&quot;,&quot;step_icon_shape&quot;:&quot;circle&quot;}\" data-widget_type=\"form.default\">\n\t\t\t\t<div class=\"elementor-widget-container\">\n\t\t\t\t\t\t\t<form class=\"elementor-form\" method=\"post\" name=\"Formulaire de contact g\u00e9n\u00e9ral\" aria-label=\"Formulaire de contact g\u00e9n\u00e9ral\">\n\t\t\t<input type=\"hidden\" name=\"post_id\" value=\"4373\"\/>\n\t\t\t<input type=\"hidden\" name=\"form_id\" value=\"4f016b8a\"\/>\n\t\t\t<input type=\"hidden\" name=\"referer_title\" value=\"Contact - advk \u2013 Ausbildungsverband der Kanalunterhaltsbranche Schweiz\" \/>\n\n\t\t\t\t\t\t\t<input type=\"hidden\" name=\"queried_id\" value=\"4373\"\/>\n\t\t\t\n\t\t\t<div class=\"elementor-form-fields-wrapper elementor-labels-above\">\n\t\t\t\t\t\t\t\t<div class=\"elementor-field-type-text elementor-field-group elementor-column elementor-field-group-name elementor-col-50\">\n\t\t\t\t\t\t\t\t\t\t\t\t<label for=\"form-field-name\" class=\"elementor-field-label\">\n\t\t\t\t\t\t\t\tNom\t\t\t\t\t\t\t<\/label>\n\t\t\t\t\t\t\t\t\t\t\t\t\t\t<input size=\"1\" type=\"text\" name=\"form_fields[name]\" id=\"form-field-name\" class=\"elementor-field elementor-size-md  elementor-field-textual\">\n\t\t\t\t\t\t\t\t\t\t\t<\/div>\n\t\t\t\t\t\t\t\t<div class=\"elementor-field-type-text elementor-field-group elementor-column elementor-field-group-vorname elementor-col-50\">\n\t\t\t\t\t\t\t\t\t\t\t\t<label for=\"form-field-vorname\" class=\"elementor-field-label\">\n\t\t\t\t\t\t\t\tPr\u00e9nom\t\t\t\t\t\t\t<\/label>\n\t\t\t\t\t\t\t\t\t\t\t\t\t\t<input size=\"1\" type=\"text\" name=\"form_fields[vorname]\" id=\"form-field-vorname\" class=\"elementor-field elementor-size-md  elementor-field-textual\">\n\t\t\t\t\t\t\t\t\t\t\t<\/div>\n\t\t\t\t\t\t\t\t<div class=\"elementor-field-type-email elementor-field-group elementor-column elementor-field-group-email elementor-col-50 elementor-field-required elementor-mark-required\">\n\t\t\t\t\t\t\t\t\t\t\t\t<label for=\"form-field-email\" class=\"elementor-field-label\">\n\t\t\t\t\t\t\t\tE-mail\t\t\t\t\t\t\t<\/label>\n\t\t\t\t\t\t\t\t\t\t\t\t\t\t<input size=\"1\" type=\"email\" name=\"form_fields[email]\" id=\"form-field-email\" class=\"elementor-field elementor-size-md  elementor-field-textual\" required=\"required\">\n\t\t\t\t\t\t\t\t\t\t\t<\/div>\n\t\t\t\t\t\t\t\t<div class=\"elementor-field-type-text elementor-field-group elementor-column elementor-field-group-field_aa32e21 elementor-col-50\">\n\t\t\t\t\t\t\t\t\t\t\t\t<label for=\"form-field-field_aa32e21\" class=\"elementor-field-label\">\n\t\t\t\t\t\t\t\tT\u00e9l\u00e9phone\t\t\t\t\t\t\t<\/label>\n\t\t\t\t\t\t\t\t\t\t\t\t\t\t<input size=\"1\" type=\"text\" name=\"form_fields[field_aa32e21]\" id=\"form-field-field_aa32e21\" class=\"elementor-field elementor-size-md  elementor-field-textual\">\n\t\t\t\t\t\t\t\t\t\t\t<\/div>\n\t\t\t\t\t\t\t\t<div class=\"elementor-field-type-text elementor-field-group elementor-column elementor-field-group-field_2d66aba elementor-col-50\">\n\t\t\t\t\t\t\t\t\t\t\t\t<label for=\"form-field-field_2d66aba\" class=\"elementor-field-label\">\n\t\t\t\t\t\t\t\tAdresse\t\t\t\t\t\t\t<\/label>\n\t\t\t\t\t\t\t\t\t\t\t\t\t\t<input size=\"1\" type=\"text\" name=\"form_fields[field_2d66aba]\" id=\"form-field-field_2d66aba\" class=\"elementor-field elementor-size-md  elementor-field-textual\">\n\t\t\t\t\t\t\t\t\t\t\t<\/div>\n\t\t\t\t\t\t\t\t<div class=\"elementor-field-type-text elementor-field-group elementor-column elementor-field-group-field_2db6c55 elementor-col-50\">\n\t\t\t\t\t\t\t\t\t\t\t\t<label for=\"form-field-field_2db6c55\" class=\"elementor-field-label\">\n\t\t\t\t\t\t\t\tCode postal \/ Lieu\t\t\t\t\t\t\t<\/label>\n\t\t\t\t\t\t\t\t\t\t\t\t\t\t<input size=\"1\" type=\"text\" name=\"form_fields[field_2db6c55]\" id=\"form-field-field_2db6c55\" class=\"elementor-field elementor-size-md  elementor-field-textual\">\n\t\t\t\t\t\t\t\t\t\t\t<\/div>\n\t\t\t\t\t\t\t\t<div class=\"elementor-field-type-checkbox elementor-field-group elementor-column elementor-field-group-field_2ac3c9e elementor-col-25\">\n\t\t\t\t\t\t\t\t\t\t\t\t<label for=\"form-field-field_2ac3c9e\" class=\"elementor-field-label\">\n\t\t\t\t\t\t\t\tVeuillez s\u00e9lectionner\t\t\t\t\t\t\t<\/label>\n\t\t\t\t\t\t<div class=\"elementor-field-subgroup  \"><span class=\"elementor-field-option\"><input type=\"checkbox\" value=\"Formation professionnelle\" id=\"form-field-field_2ac3c9e-0\" name=\"form_fields[field_2ac3c9e][]\"> <label for=\"form-field-field_2ac3c9e-0\">Formation professionnelle<\/label><\/span><span class=\"elementor-field-option\"><input type=\"checkbox\" value=\"Formation continue\" id=\"form-field-field_2ac3c9e-1\" name=\"form_fields[field_2ac3c9e][]\"> <label for=\"form-field-field_2ac3c9e-1\">Formation continue<\/label><\/span><span class=\"elementor-field-option\"><input type=\"checkbox\" value=\"Participer\" id=\"form-field-field_2ac3c9e-2\" name=\"form_fields[field_2ac3c9e][]\"> <label for=\"form-field-field_2ac3c9e-2\">Participer<\/label><\/span><span class=\"elementor-field-option\"><input type=\"checkbox\" value=\"Divers\" id=\"form-field-field_2ac3c9e-3\" name=\"form_fields[field_2ac3c9e][]\"> <label for=\"form-field-field_2ac3c9e-3\">Divers<\/label><\/span><\/div>\t\t\t\t<\/div>\n\t\t\t\t\t\t\t\t<div class=\"elementor-field-type-textarea elementor-field-group elementor-column elementor-field-group-nachricht elementor-col-100\">\n\t\t\t\t\t\t\t\t\t\t\t\t<label for=\"form-field-nachricht\" class=\"elementor-field-label\">\n\t\t\t\t\t\t\t\tMessage \/ Demande\t\t\t\t\t\t\t<\/label>\n\t\t\t\t\t\t<textarea class=\"elementor-field-textual elementor-field  elementor-size-md\" name=\"form_fields[nachricht]\" id=\"form-field-nachricht\" rows=\"6\"><\/textarea>\t\t\t\t<\/div>\n\t\t\t\t\t\t\t\t<div class=\"elementor-field-type-recaptcha_v3 elementor-field-group elementor-column elementor-field-group-field_e4cf151 elementor-col-100 recaptcha_v3-inline\">\n\t\t\t\t\t<div class=\"elementor-field\" id=\"form-field-field_e4cf151\"><div class=\"elementor-g-recaptcha\" data-sitekey=\"6LdIbC8sAAAAAKJ6lN5xeSCIFv4AuVEyqSRV0fwv\" data-type=\"v3\" data-action=\"Form\" data-badge=\"inline\" data-size=\"invisible\"><\/div><\/div>\t\t\t\t<\/div>\n\t\t\t\t\t\t\t\t<div class=\"elementor-field-group elementor-column elementor-field-type-submit elementor-col-100 e-form__buttons\">\n\t\t\t\t\t<button class=\"elementor-button elementor-size-sm\" type=\"submit\">\n\t\t\t\t\t\t<span class=\"elementor-button-content-wrapper\">\n\t\t\t\t\t\t\t\t\t\t\t\t\t\t\t\t\t\t\t\t\t\t<span class=\"elementor-button-text\">Envoyer<\/span>\n\t\t\t\t\t\t\t\t\t\t\t\t\t<\/span>\n\t\t\t\t\t<\/button>\n\t\t\t\t<\/div>\n\t\t\t<\/div>\n\t\t<\/form>\n\t\t\t\t\t\t<\/div>\n\t\t\t\t<\/div>\n\t\t\t\t\t<\/div>\n\t\t\t\t<\/div>\n\t\t<div class=\"elementor-element elementor-element-3576ced6 e-flex e-con-boxed e-con e-parent\" data-id=\"3576ced6\" data-element_type=\"container\" data-e-type=\"container\" data-settings=\"{&quot;background_background&quot;:&quot;classic&quot;}\">\n\t\t\t\t\t<div class=\"e-con-inner\">\n\t\t<div class=\"elementor-element elementor-element-2861f6b1 e-con-full e-flex e-con e-child\" data-id=\"2861f6b1\" data-element_type=\"container\" data-e-type=\"container\">\n\t\t\t\t<div class=\"elementor-element elementor-element-1ce8b7b6 elementor-widget elementor-widget-text-editor\" data-id=\"1ce8b7b6\" data-element_type=\"widget\" data-e-type=\"widget\" data-widget_type=\"text-editor.default\">\n\t\t\t\t<div class=\"elementor-widget-container\">\n\t\t\t\t\t\t\t\t\t<h3>Association<br><br><\/h3><p><strong>Secr\u00e9tariat F\u00e9d\u00e9ration fa\u00eeti\u00e8re de formation du <\/strong><br><strong>Branche d&rsquo;entretien des canalisations (advk)<\/strong><\/p><p><strong><br><\/strong><strong>Alessandra Werren<\/strong><br><a href=\"mailto:a.werren@advk.ch\">a.werren@advk.ch<\/a><\/p>\t\t\t\t\t\t\t\t<\/div>\n\t\t\t\t<\/div>\n\t\t\t\t<\/div>\n\t\t<div class=\"elementor-element elementor-element-3ef723d6 e-con-full e-flex e-con e-child\" data-id=\"3ef723d6\" data-element_type=\"container\" data-e-type=\"container\">\n\t\t\t\t<div class=\"elementor-element elementor-element-4c7edb58 elementor-widget elementor-widget-text-editor\" data-id=\"4c7edb58\" data-element_type=\"widget\" data-e-type=\"widget\" data-widget_type=\"text-editor.default\">\n\t\t\t\t<div class=\"elementor-widget-container\">\n\t\t\t\t\t\t\t\t\t<h3>Pr\u00e9sident de l&rsquo;Organisation du monde du travail (OdA)<\/h3><p><strong>KIBAG Entw\u00e4sserungstechnologie AG (technologie de drainage)<br><br><br><\/strong><\/p><p><strong>Daniel Nater<\/strong><br><a href=\"mailto:d.nater@advk.ch\">d.nater@advk.ch<\/a><\/p>\t\t\t\t\t\t\t\t<\/div>\n\t\t\t\t<\/div>\n\t\t\t\t<\/div>\n\t\t\t\t\t<\/div>\n\t\t\t\t<\/div>\n\t\t<div class=\"elementor-element elementor-element-5a3d3ce e-flex e-con-boxed e-con e-parent\" data-id=\"5a3d3ce\" data-element_type=\"container\" data-e-type=\"container\" data-settings=\"{&quot;background_background&quot;:&quot;classic&quot;}\">\n\t\t\t\t\t<div class=\"e-con-inner\">\n\t\t<div class=\"elementor-element elementor-element-86142da e-con-full e-flex e-con e-child\" data-id=\"86142da\" data-element_type=\"container\" data-e-type=\"container\">\n\t\t\t\t<div class=\"elementor-element elementor-element-8522b6b elementor-widget elementor-widget-text-editor\" data-id=\"8522b6b\" data-element_type=\"widget\" data-e-type=\"widget\" data-widget_type=\"text-editor.default\">\n\t\t\t\t<div class=\"elementor-widget-container\">\n\t\t\t\t\t\t\t\t\t<h4><strong>Pr\u00e9sident de la F\u00e9d\u00e9ration fa\u00eeti\u00e8re de formation du secteur de l&rsquo;entretien des canalisations (advk)<\/strong><\/h4><p><strong>KIBAG Entw\u00e4sserungstechnologie AG (technologie de drainage)<\/strong><\/p><p> <\/p><p><strong>Daniel Nater<\/strong><br><a href=\"mailto:d.nater@advk.ch\">d.nater@advk.ch<\/a><\/p>\t\t\t\t\t\t\t\t<\/div>\n\t\t\t\t<\/div>\n\t\t\t\t<\/div>\n\t\t<div class=\"elementor-element elementor-element-c7fe2b8 e-con-full e-flex e-con e-child\" data-id=\"c7fe2b8\" data-element_type=\"container\" data-e-type=\"container\">\n\t\t\t\t<div class=\"elementor-element elementor-element-3d9998f elementor-widget elementor-widget-text-editor\" data-id=\"3d9998f\" data-element_type=\"widget\" data-e-type=\"widget\" data-widget_type=\"text-editor.default\">\n\t\t\t\t<div class=\"elementor-widget-container\">\n\t\t\t\t\t\t\t\t\t<h3>Kasssier<br><br><br><\/h3><p><strong>Repr\u00e9sentant de l&rsquo;ASTAG Groupe sp\u00e9cialis\u00e9 en technologie de drainage \/ Tr\u00e9sorier advk<\/strong><\/p><p><strong>Daniel Nater<\/strong><br><a href=\"mailto:d.nater@advk.ch\">d.nater@advk.ch<\/a><\/p>\t\t\t\t\t\t\t\t<\/div>\n\t\t\t\t<\/div>\n\t\t\t\t<\/div>\n\t\t\t\t\t<\/div>\n\t\t\t\t<\/div>\n\t\t<div class=\"elementor-element elementor-element-04763f8 e-flex e-con-boxed e-con e-parent\" data-id=\"04763f8\" data-element_type=\"container\" data-e-type=\"container\" data-settings=\"{&quot;background_background&quot;:&quot;classic&quot;}\">\n\t\t\t\t\t<div class=\"e-con-inner\">\n\t\t<div class=\"elementor-element elementor-element-baf4fa8 e-con-full e-flex e-con e-child\" data-id=\"baf4fa8\" data-element_type=\"container\" data-e-type=\"container\">\n\t\t\t\t<div class=\"elementor-element elementor-element-592c23c elementor-widget elementor-widget-text-editor\" data-id=\"592c23c\" data-element_type=\"widget\" data-e-type=\"widget\" data-widget_type=\"text-editor.default\">\n\t\t\t\t<div class=\"elementor-widget-container\">\n\t\t\t\t\t\t\t\t\t<h3>Cours OACP Romandie<br><br><br><\/h3><p><strong>ASTAG \/ advk<\/strong><\/p><p><strong>Alessandra Werren<\/strong><br><a href=\"mailto:a.werren@advk.ch\">a.werren@advk.ch<\/a><\/p>\t\t\t\t\t\t\t\t<\/div>\n\t\t\t\t<\/div>\n\t\t\t\t<\/div>\n\t\t<div class=\"elementor-element elementor-element-c4cbfa4 e-con-full e-flex e-con e-child\" data-id=\"c4cbfa4\" data-element_type=\"container\" data-e-type=\"container\">\n\t\t\t\t<div class=\"elementor-element elementor-element-438cd3b elementor-widget elementor-widget-text-editor\" data-id=\"438cd3b\" data-element_type=\"widget\" data-e-type=\"widget\" data-widget_type=\"text-editor.default\">\n\t\t\t\t<div class=\"elementor-widget-container\">\n\t\t\t\t\t\t\t\t\t<h3>Inscriptions et d\u00e9sinscriptions aux cours de formation continue (Suisse al\u00e9manique)  <\/h3><p><strong>ASTAG \/ advk<\/strong><\/p><p><strong>Alessandra Werren<\/strong><br><a href=\"mailto:a.werren@advk.ch\">a.werren@advk.ch<\/a><\/p>\t\t\t\t\t\t\t\t<\/div>\n\t\t\t\t<\/div>\n\t\t\t\t<\/div>\n\t\t\t\t\t<\/div>\n\t\t\t\t<\/div>\n\t\t\t\t<\/div>\n\t\t","protected":false},"excerpt":{"rendered":"<p>Contact N&rsquo;h\u00e9sitez pas \u00e0 nous contacter. Nous sommes toujours heureux de vous aider ! Association Secr\u00e9tariat F\u00e9d\u00e9ration fa\u00eeti\u00e8re de formation du Branche d&rsquo;entretien des canalisations (advk) Alessandra Werrena.werren@advk.ch Pr\u00e9sident de [&hellip;]<\/p>\n","protected":false},"author":1,"featured_media":0,"parent":0,"menu_order":0,"comment_status":"closed","ping_status":"closed","template":"","meta":{"footnotes":""},"class_list":["post-4373","page","type-page","status-publish","hentry"],"publishpress_future_action":{"enabled":false,"date":"2026-04-25 06:30:13","action":"change-status","newStatus":"draft","terms":[],"taxonomy":"translation_priority","extraData":[]},"publishpress_future_workflow_manual_trigger":{"enabledWorkflows":[]},"_links":{"self":[{"href":"https:\/\/advk.ch\/fr\/wp-json\/wp\/v2\/pages\/4373","targetHints":{"allow":["GET"]}}],"collection":[{"href":"https:\/\/advk.ch\/fr\/wp-json\/wp\/v2\/pages"}],"about":[{"href":"https:\/\/advk.ch\/fr\/wp-json\/wp\/v2\/types\/page"}],"author":[{"embeddable":true,"href":"https:\/\/advk.ch\/fr\/wp-json\/wp\/v2\/users\/1"}],"replies":[{"embeddable":true,"href":"https:\/\/advk.ch\/fr\/wp-json\/wp\/v2\/comments?post=4373"}],"version-history":[{"count":0,"href":"https:\/\/advk.ch\/fr\/wp-json\/wp\/v2\/pages\/4373\/revisions"}],"wp:attachment":[{"href":"https:\/\/advk.ch\/fr\/wp-json\/wp\/v2\/media?parent=4373"}],"curies":[{"name":"wp","href":"https:\/\/api.w.org\/{rel}","templated":true}]}}