{"id":4362,"date":"2025-05-06T14:19:22","date_gmt":"2025-05-06T12:19:22","guid":{"rendered":"https:\/\/advk.ch.80-74-156-75.zeus.metanet.ch\/informazioni-sulla-professione\/"},"modified":"2026-02-09T13:35:47","modified_gmt":"2026-02-09T12:35:47","slug":"informazioni-sulla-professione","status":"publish","type":"page","link":"https:\/\/advk.ch\/it\/informazioni-sulla-professione\/","title":{"rendered":"Informazioni sulla professione"},"content":{"rendered":"\t\t<div data-elementor-type=\"wp-page\" data-elementor-id=\"4362\" class=\"elementor elementor-4362 elementor-59\" data-elementor-post-type=\"page\">\n\t\t\t\t<div class=\"elementor-element elementor-element-ad58ef1 e-con-full e-flex e-con e-parent\" data-id=\"ad58ef1\" data-element_type=\"container\" data-e-type=\"container\" data-settings=\"{&quot;background_background&quot;:&quot;classic&quot;}\">\n\t\t\t\t<\/div>\n\t\t<div class=\"elementor-element elementor-element-5ab8520 e-flex e-con-boxed e-con e-parent\" data-id=\"5ab8520\" data-element_type=\"container\" data-e-type=\"container\">\n\t\t\t\t\t<div class=\"e-con-inner\">\n\t\t\t\t<div class=\"elementor-element elementor-element-d4fd54f elementor-widget elementor-widget-heading\" data-id=\"d4fd54f\" data-element_type=\"widget\" data-e-type=\"widget\" data-widget_type=\"heading.default\">\n\t\t\t\t<div class=\"elementor-widget-container\">\n\t\t\t\t\t<h1 class=\"elementor-heading-title elementor-size-default\">Informazioni sulla professione<\/h1>\t\t\t\t<\/div>\n\t\t\t\t<\/div>\n\t\t\t\t<div class=\"elementor-element elementor-element-b559d27 elementor-widget elementor-widget-text-editor\" data-id=\"b559d27\" data-element_type=\"widget\" data-e-type=\"widget\" data-widget_type=\"text-editor.default\">\n\t\t\t\t<div class=\"elementor-widget-container\">\n\t\t\t\t\t\t\t\t\t<h3>Tutto quello che devi sapere sui tirocini nel settore dello smaltimento delle acque <\/h3>\t\t\t\t\t\t\t\t<\/div>\n\t\t\t\t<\/div>\n\t\t\t\t\t<\/div>\n\t\t\t\t<\/div>\n\t\t<div class=\"elementor-element elementor-element-8b2a76d e-flex e-con-boxed e-con e-parent\" data-id=\"8b2a76d\" data-element_type=\"container\" data-e-type=\"container\">\n\t\t\t\t\t<div class=\"e-con-inner\">\n\t\t\t\t<div class=\"elementor-element elementor-element-9e98295 elementor-position-right elementor-position-right elementor-position-top elementor-vertical-align-top elementor-widget elementor-widget-image-box\" data-id=\"9e98295\" data-element_type=\"widget\" data-e-type=\"widget\" data-widget_type=\"image-box.default\">\n\t\t\t\t<div class=\"elementor-widget-container\">\n\t\t\t\t\t<div class=\"elementor-image-box-wrapper\"><figure class=\"elementor-image-box-img\"><img fetchpriority=\"high\" decoding=\"async\" width=\"335\" height=\"235\" src=\"https:\/\/advk.ch\/wp-content\/uploads\/beruf001.webp\" class=\"attachment-full size-full wp-image-2357\" alt=\"\" srcset=\"https:\/\/advk.ch\/wp-content\/uploads\/beruf001.webp 335w, https:\/\/advk.ch\/wp-content\/uploads\/beruf001-300x210.webp 300w\" sizes=\"(max-width: 335px) 100vw, 335px\" \/><\/figure><div class=\"elementor-image-box-content\"><h3 class=\"elementor-image-box-title\">1\u00b0\u00a0\u00a0 Ispezione delle canalizzazioni - Ispezione TV delle canalizzazioni<\/h3><p class=\"elementor-image-box-description\">Con una telecamera telecomandata, che viene fatta scorrere o spinta attraverso la canalizzazione, \u00e8 possibile determinare e registrare lo stato del tubo. In questo modo \u00e8 possibile individuare danni (crescita di radici, rotture dei tubi, ecc.) e deviazioni dalla posizione.<\/p><\/div><\/div>\t\t\t\t<\/div>\n\t\t\t\t<\/div>\n\t\t\t\t<div class=\"elementor-element elementor-element-590ddee elementor-position-right elementor-position-right elementor-position-top elementor-vertical-align-top elementor-widget elementor-widget-image-box\" data-id=\"590ddee\" data-element_type=\"widget\" data-e-type=\"widget\" data-widget_type=\"image-box.default\">\n\t\t\t\t<div class=\"elementor-widget-container\">\n\t\t\t\t\t<div class=\"elementor-image-box-wrapper\"><figure class=\"elementor-image-box-img\"><img decoding=\"async\" width=\"335\" height=\"235\" src=\"https:\/\/advk.ch\/wp-content\/uploads\/beruf002.webp\" class=\"attachment-full size-full wp-image-2360\" alt=\"\" srcset=\"https:\/\/advk.ch\/wp-content\/uploads\/beruf002.webp 335w, https:\/\/advk.ch\/wp-content\/uploads\/beruf002-300x210.webp 300w\" sizes=\"(max-width: 335px) 100vw, 335px\" \/><\/figure><div class=\"elementor-image-box-content\"><h3 class=\"elementor-image-box-title\">2\u00b0\u00a0\u00a0 Pulizia delle canalizzazioni<\/h3><p class=\"elementor-image-box-description\">Le preziose infrastrutture pubbliche devono essere sottoposte a regolare manutenzione e controllo. Solo cos\u00ec gli impianti di canalizzazione, sottoposti a forte sollecitazione, possono svolgere la loro importante funzione senza interruzioni e 24\/24H. Investire in modo lungimirante e pianificato nella manutenzione previene spiacevoli interruzioni di esercizio e prolunga la durata dei vostri impianti.<\/p><\/div><\/div>\t\t\t\t<\/div>\n\t\t\t\t<\/div>\n\t\t\t\t<div class=\"elementor-element elementor-element-c1b630a elementor-position-right elementor-position-right elementor-position-top elementor-vertical-align-top elementor-widget elementor-widget-image-box\" data-id=\"c1b630a\" data-element_type=\"widget\" data-e-type=\"widget\" data-widget_type=\"image-box.default\">\n\t\t\t\t<div class=\"elementor-widget-container\">\n\t\t\t\t\t<div class=\"elementor-image-box-wrapper\"><figure class=\"elementor-image-box-img\"><img decoding=\"async\" width=\"335\" height=\"235\" src=\"https:\/\/advk.ch\/wp-content\/uploads\/beruf003.webp\" class=\"attachment-full size-full wp-image-2363\" alt=\"\" srcset=\"https:\/\/advk.ch\/wp-content\/uploads\/beruf003.webp 335w, https:\/\/advk.ch\/wp-content\/uploads\/beruf003-300x210.webp 300w\" sizes=\"(max-width: 335px) 100vw, 335px\" \/><\/figure><div class=\"elementor-image-box-content\"><h3 class=\"elementor-image-box-title\">3\u00b0\u00a0\u00a0 Ispezione delle canalizzazioni - Prove di tenuta<\/h3><p class=\"elementor-image-box-description\">L'ispezione televisiva delle canalizzazioni non \u00e8 in grado di rilevare con certezza eventuali perdite. Solo una prova di tenuta pu\u00f2 fornire una certezza assoluta. Il tratto di canalizzazione da controllare viene chiuso ad entrambe le estremit\u00e0 con un pallone e viene creata una sovrapressione mediante acqua o aria. Il calo di pressione o la perdita d'acqua vengono misurati e protocollati.<\/p><\/div><\/div>\t\t\t\t<\/div>\n\t\t\t\t<\/div>\n\t\t\t\t<div class=\"elementor-element elementor-element-dee4456 elementor-position-right elementor-position-right elementor-position-top elementor-vertical-align-top elementor-widget elementor-widget-image-box\" data-id=\"dee4456\" data-element_type=\"widget\" data-e-type=\"widget\" data-widget_type=\"image-box.default\">\n\t\t\t\t<div class=\"elementor-widget-container\">\n\t\t\t\t\t<div class=\"elementor-image-box-wrapper\"><figure class=\"elementor-image-box-img\"><img loading=\"lazy\" decoding=\"async\" width=\"335\" height=\"235\" src=\"https:\/\/advk.ch\/wp-content\/uploads\/beruf004.webp\" class=\"attachment-full size-full wp-image-2366\" alt=\"\" srcset=\"https:\/\/advk.ch\/wp-content\/uploads\/beruf004.webp 335w, https:\/\/advk.ch\/wp-content\/uploads\/beruf004-300x210.webp 300w\" sizes=\"(max-width: 335px) 100vw, 335px\" \/><\/figure><div class=\"elementor-image-box-content\"><h3 class=\"elementor-image-box-title\">4\u00b0\u00a0\u00a0 Ispezione delle canalizzazioni \u2013 Localizzazione delle condutture<\/h3><p class=\"elementor-image-box-description\">Negli immobili pi\u00f9 vecchi spesso mancano le planimetrie delle canalizzazioni e\/o il percorso delle condutture \u00e8 difficile da valutare, il che comporta costosi scavi di sondaggio. Grazie all'introduzione di dispositivi di localizzazione, \u00e8 possibile individuare il segnale di trasmissione in superficie con un ricevitore. Il percorso effettivo delle condutture viene tracciato direttamente sul pavimento o sulla parete e annotato nella planimetria.<\/p><\/div><\/div>\t\t\t\t<\/div>\n\t\t\t\t<\/div>\n\t\t\t\t<div class=\"elementor-element elementor-element-6bd0063 elementor-position-right elementor-position-right elementor-position-top elementor-vertical-align-top elementor-widget elementor-widget-image-box\" data-id=\"6bd0063\" data-element_type=\"widget\" data-e-type=\"widget\" data-widget_type=\"image-box.default\">\n\t\t\t\t<div class=\"elementor-widget-container\">\n\t\t\t\t\t<div class=\"elementor-image-box-wrapper\"><figure class=\"elementor-image-box-img\"><img loading=\"lazy\" decoding=\"async\" width=\"335\" height=\"235\" src=\"https:\/\/advk.ch\/wp-content\/uploads\/beruf005.webp\" class=\"attachment-full size-full wp-image-2369\" alt=\"\" srcset=\"https:\/\/advk.ch\/wp-content\/uploads\/beruf005.webp 335w, https:\/\/advk.ch\/wp-content\/uploads\/beruf005-300x210.webp 300w\" sizes=\"(max-width: 335px) 100vw, 335px\" \/><\/figure><div class=\"elementor-image-box-content\"><h3 class=\"elementor-image-box-title\">5\u00b0\u00a0\u00a0 Risanamento delle canalizzazioni<\/h3><p class=\"elementor-image-box-description\">Delle condutture funzionanti sono la base fondamentale di un sistema di smaltimento delle acque. Movimenti del terreno, invecchiamento, tipo di materiale o semplicemente radici alla ricerca di acqua causano danni alle tubature, con conseguente infiltrazione delle acque reflue nelle falde acquifere e umidit\u00e0 delle pareti, fino ad arrivare a intasamenti e rotture delle tubature che provocano allagamenti. Esistono diversi metodi per il risanamento delle canalizzazioni. Riparazione, risanamento, rinnovo.<\/p><\/div><\/div>\t\t\t\t<\/div>\n\t\t\t\t<\/div>\n\t\t\t\t<div class=\"elementor-element elementor-element-112c58e elementor-position-right elementor-position-right elementor-position-top elementor-vertical-align-top elementor-widget elementor-widget-image-box\" data-id=\"112c58e\" data-element_type=\"widget\" data-e-type=\"widget\" data-widget_type=\"image-box.default\">\n\t\t\t\t<div class=\"elementor-widget-container\">\n\t\t\t\t\t<div class=\"elementor-image-box-wrapper\"><figure class=\"elementor-image-box-img\"><img loading=\"lazy\" decoding=\"async\" width=\"335\" height=\"235\" src=\"https:\/\/advk.ch\/wp-content\/uploads\/beruf006.webp\" class=\"attachment-full size-full wp-image-2372\" alt=\"\" srcset=\"https:\/\/advk.ch\/wp-content\/uploads\/beruf006.webp 335w, https:\/\/advk.ch\/wp-content\/uploads\/beruf006-300x210.webp 300w\" sizes=\"(max-width: 335px) 100vw, 335px\" \/><\/figure><div class=\"elementor-image-box-content\"><h3 class=\"elementor-image-box-title\">6\u00b0\u00a0\u00a0 Pulizia delle canalizzazioni<\/h3><p class=\"elementor-image-box-description\">L'uso quotidiano provoca la formazione di calcare e grasso nelle tubature delle canalizzazioni. I gas presenti nelle canalizzazioni intaccano le pareti dei tubi, mentre le radici penetrano all'interno causando danni e ostruzioni. \u00c8 possibile prevenire tali danni: una pulizia regolare consente di mantenere in buono stato e quindi di preservare il valore delle canalizzazioni. Si evitano cos\u00ec costosi lavori di scavo e si riduce il rischio di allagamenti.<\/p><\/div><\/div>\t\t\t\t<\/div>\n\t\t\t\t<\/div>\n\t\t\t\t\t<\/div>\n\t\t\t\t<\/div>\n\t\t<div class=\"elementor-element elementor-element-f039a55 e-flex e-con-boxed e-con e-parent\" data-id=\"f039a55\" data-element_type=\"container\" data-e-type=\"container\">\n\t\t\t\t\t<div class=\"e-con-inner\">\n\t\t\t\t<div class=\"elementor-element elementor-element-9d5d2c6 elementor-align-center elementor-widget elementor-widget-button\" data-id=\"9d5d2c6\" data-element_type=\"widget\" data-e-type=\"widget\" data-widget_type=\"button.default\">\n\t\t\t\t<div class=\"elementor-widget-container\">\n\t\t\t\t\t\t\t\t\t<div class=\"elementor-button-wrapper\">\n\t\t\t\t\t<a class=\"elementor-button elementor-button-link elementor-size-sm\" href=\"\/#\">\n\t\t\t\t\t\t<span class=\"elementor-button-content-wrapper\">\n\t\t\t\t\t\t\t\t\t<span class=\"elementor-button-text\">L'intero panorama educativo<\/span>\n\t\t\t\t\t<\/span>\n\t\t\t\t\t<\/a>\n\t\t\t\t<\/div>\n\t\t\t\t\t\t\t\t<\/div>\n\t\t\t\t<\/div>\n\t\t\t\t\t<\/div>\n\t\t\t\t<\/div>\n\t\t\t\t<\/div>\n\t\t","protected":false},"excerpt":{"rendered":"<p>Informazioni sulla professione Tutto quello che devi sapere sui tirocini nel settore dello smaltimento delle acque 1\u00b0\u00a0\u00a0 Ispezione delle canalizzazioni &#8211; Ispezione TV delle canalizzazioni Con una telecamera telecomandata, che [&hellip;]<\/p>\n","protected":false},"author":1,"featured_media":0,"parent":0,"menu_order":0,"comment_status":"closed","ping_status":"closed","template":"","meta":{"footnotes":""},"class_list":["post-4362","page","type-page","status-publish","hentry"],"publishpress_future_action":{"enabled":false,"date":"2026-05-21 11:30:51","action":"change-status","newStatus":"draft","terms":[],"taxonomy":"translation_priority","extraData":[]},"publishpress_future_workflow_manual_trigger":{"enabledWorkflows":[]},"_links":{"self":[{"href":"https:\/\/advk.ch\/it\/wp-json\/wp\/v2\/pages\/4362","targetHints":{"allow":["GET"]}}],"collection":[{"href":"https:\/\/advk.ch\/it\/wp-json\/wp\/v2\/pages"}],"about":[{"href":"https:\/\/advk.ch\/it\/wp-json\/wp\/v2\/types\/page"}],"author":[{"embeddable":true,"href":"https:\/\/advk.ch\/it\/wp-json\/wp\/v2\/users\/1"}],"replies":[{"embeddable":true,"href":"https:\/\/advk.ch\/it\/wp-json\/wp\/v2\/comments?post=4362"}],"version-history":[{"count":0,"href":"https:\/\/advk.ch\/it\/wp-json\/wp\/v2\/pages\/4362\/revisions"}],"wp:attachment":[{"href":"https:\/\/advk.ch\/it\/wp-json\/wp\/v2\/media?parent=4362"}],"curies":[{"name":"wp","href":"https:\/\/api.w.org\/{rel}","templated":true}]}}