{"id":4371,"date":"2025-05-06T14:21:42","date_gmt":"2025-05-06T12:21:42","guid":{"rendered":"https:\/\/advk.ch.80-74-156-75.zeus.metanet.ch\/protezione-dei-dati\/"},"modified":"2025-09-16T13:17:00","modified_gmt":"2025-09-16T11:17:00","slug":"protezione-dei-dati","status":"publish","type":"page","link":"https:\/\/advk.ch\/it\/protezione-dei-dati\/","title":{"rendered":"Protezione dei dati"},"content":{"rendered":"\t\t<div data-elementor-type=\"wp-page\" data-elementor-id=\"4371\" class=\"elementor elementor-4371 elementor-69\" data-elementor-post-type=\"page\">\n\t\t\t\t<div class=\"elementor-element elementor-element-7fc1805 e-con-full e-flex e-con e-parent\" data-id=\"7fc1805\" data-element_type=\"container\" data-e-type=\"container\" data-settings=\"{&quot;background_background&quot;:&quot;classic&quot;}\">\n\t\t\t\t<\/div>\n\t\t<div class=\"elementor-element elementor-element-40cdeee e-flex e-con-boxed e-con e-parent\" data-id=\"40cdeee\" data-element_type=\"container\" data-e-type=\"container\">\n\t\t\t\t\t<div class=\"e-con-inner\">\n\t\t\t\t<div class=\"elementor-element elementor-element-04f3581 elementor-widget elementor-widget-heading\" data-id=\"04f3581\" data-element_type=\"widget\" data-e-type=\"widget\" data-widget_type=\"heading.default\">\n\t\t\t\t<div class=\"elementor-widget-container\">\n\t\t\t\t\t<h1 class=\"elementor-heading-title elementor-size-default\">Informativa sulla privacy<\/h1>\t\t\t\t<\/div>\n\t\t\t\t<\/div>\n\t\t\t\t\t<\/div>\n\t\t\t\t<\/div>\n\t\t<div class=\"elementor-element elementor-element-a9e39ff e-flex e-con-boxed e-con e-parent\" data-id=\"a9e39ff\" data-element_type=\"container\" data-e-type=\"container\" data-settings=\"{&quot;background_background&quot;:&quot;classic&quot;}\">\n\t\t\t\t\t<div class=\"e-con-inner\">\n\t\t\t\t<div class=\"elementor-element elementor-element-32a2d95 elementor-widget elementor-widget-text-editor\" data-id=\"32a2d95\" data-element_type=\"widget\" data-e-type=\"widget\" data-widget_type=\"text-editor.default\">\n\t\t\t\t<div class=\"elementor-widget-container\">\n\t\t\t\t\t\t\t\t\t<h3>1. la protezione dei dati in sintesi<\/h3><h3>Informazioni generali<\/h3><p>Le seguenti informazioni forniscono una semplice panoramica di ci\u00f2 che accade ai tuoi dati personali quando visiti questo sito web. Per dati personali si intendono tutti i dati che possono essere utilizzati per identificarti personalmente. Informazioni dettagliate sul tema della protezione dei dati sono disponibili nella nostra dichiarazione sulla protezione dei dati riportata sotto questo testo.  <\/p><h3>Raccolta di dati su questo sito web<\/h3><h4>Chi \u00e8 responsabile della raccolta dei dati su questo sito?<\/h4><p>Il trattamento dei dati su questo sito web viene effettuato dal gestore del sito. Puoi trovare i dati di contatto dell&#8217;operatore nella sezione &#8220;Informazioni sul responsabile del trattamento&#8221; di questa informativa sulla privacy. <\/p><h4>Come raccogliamo i tuoi dati?<\/h4><p>Da un lato, i tuoi dati vengono raccolti quando ce li fornisci. Ad esempio, i dati inseriti in un modulo di contatto. <\/p><p>Altri dati vengono raccolti automaticamente o con il tuo consenso dai nostri sistemi informatici quando visiti il sito web. Si tratta principalmente di dati tecnici (ad esempio il browser internet, il sistema operativo o l&#8217;ora di visualizzazione della pagina). Questi dati vengono raccolti automaticamente non appena accedi al sito web.  <\/p><h4>Per cosa utilizziamo i tuoi dati?<\/h4><p>Alcuni dati vengono raccolti per garantire che il sito web venga fornito senza errori. Altri dati possono essere utilizzati per analizzare il comportamento degli utenti. <\/p><h4>Quali diritti hai in merito ai tuoi dati?<\/h4><p>Hai il diritto di ricevere gratuitamente e in qualsiasi momento informazioni sull&#8217;origine, il destinatario e lo scopo dei tuoi dati personali memorizzati. Hai inoltre il diritto di richiedere la correzione o la cancellazione di tali dati. Se hai dato il tuo consenso al trattamento dei dati, puoi revocarlo in qualsiasi momento per il futuro. Hai anche il diritto di richiedere la limitazione del trattamento dei tuoi dati personali in determinate circostanze. Inoltre, hai il diritto di presentare un reclamo all&#8217;autorit\u00e0 di vigilanza competente.    <\/p><p>Puoi contattarci in qualsiasi momento se hai ulteriori domande sul tema della protezione dei dati.<\/p><h3>Strumenti di analisi e strumenti di fornitori terzi<\/h3><p>Quando visiti questo sito web, il tuo comportamento di navigazione pu\u00f2 essere valutato statisticamente. Questo viene fatto principalmente con i cosiddetti programmi di analisi. <\/p><p>Informazioni dettagliate su questi programmi di analisi sono disponibili nella seguente informativa sulla privacy.<\/p><h3> <\/h3><h3>2. hosting<\/h3><p>Il contenuto del nostro sito web \u00e8 ospitato dal seguente provider:<\/p><h3>Hosting esterno<\/h3><p>Questo sito web \u00e8 ospitato esternamente. I dati personali raccolti su questo sito web sono archiviati sui server dell&#8217;hoster. Tali dati possono includere indirizzi IP, richieste di contatto, dati meta e di comunicazione, dati contrattuali, dettagli di contatto, nomi, accessi al sito web e altri dati generati da un sito web.  <\/p><p>L&#8217;hosting esterno viene effettuato ai fini dell&#8217;adempimento del contratto nei confronti dei nostri clienti potenziali ed esistenti (Art. 6 comma 1 lett. b GDPR) e nell&#8217;interesse di una fornitura sicura, veloce ed efficiente della nostra offerta online da parte di un fornitore professionale (Art. 6 comma 1 lett. f GDPR). Se \u00e8 stato richiesto un consenso corrispondente, il trattamento viene effettuato esclusivamente sulla base dell&#8217;art. 6 par. 1 lett. a GDPR e del \u00a7 25 par. 1 TTDSG, nella misura in cui il consenso include la memorizzazione di cookie o l&#8217;accesso a informazioni nel dispositivo terminale dell&#8217;utente (ad es. fingerprinting del dispositivo) ai sensi del TTDSG. Il consenso pu\u00f2 essere revocato in qualsiasi momento.     <\/p><p>I nostri host tratteranno i tuoi dati solo nella misura necessaria per adempiere agli obblighi di prestazione e seguire le nostre istruzioni in merito a tali dati.<\/p><p>Utilizziamo i seguenti hoster:<\/p><p>ADi AG, Bottensteinerstrasse 8a, 4800 Zofingen con il supporto tecnico di Alogis AG, Industirestrasse 3, 4805 Brittnau, presso netcup GmbH, Daimlerstrasse 25, D-76185 Karlsruhe.<\/p><h3> <\/h3><h3>3 Note generali e informazioni obbligatorie<\/h3><h3>Protezione dei dati<\/h3><p>Gli operatori di queste pagine prendono molto sul serio la protezione dei tuoi dati personali. Trattiamo i tuoi dati personali in modo confidenziale e in conformit\u00e0 con le norme di legge sulla protezione dei dati e con la presente informativa sulla privacy. <\/p><p>Quando utilizzi questo sito web, vengono raccolti diversi dati personali. I dati personali sono dati che possono essere utilizzati per identificarti personalmente. La presente informativa sulla privacy spiega quali dati raccogliamo e per quali scopi li utilizziamo. Spiega inoltre come e per quale scopo vengono raccolti.   <\/p><p>Desideriamo sottolineare che la trasmissione dei dati su Internet (ad esempio quando si comunica via e-mail) pu\u00f2 essere soggetta a vulnerabilit\u00e0 di sicurezza. Non \u00e8 possibile proteggere completamente i dati dall&#8217;accesso di terzi. <\/p><h3>Nota sull&#8217;ente responsabile<\/h3><p>Il responsabile del trattamento dei dati su questo sito web \u00e8<\/p><p>Segreteria dell&#8217;organizzazione di formazione ombrello dell&#8217;industria della manutenzione delle fognature<br>(advk)<br>Alessandra Werren<br>W\u00f6lflistrasse 5<br>3006 Berna<\/p><p>Telefono: 031 370 85 25<br>E-mail: a.werren@astag.ch<\/p><p>Il responsabile del trattamento \u00e8 la persona fisica o giuridica che, da sola o insieme ad altri, determina le finalit\u00e0 e i mezzi del trattamento dei dati personali (ad esempio nomi, indirizzi e-mail, ecc.).<\/p><h3>Durata della conservazione<\/h3><p>A meno che non sia stato specificato un periodo di conservazione pi\u00f9 specifico nella presente informativa sulla privacy, i tuoi dati personali rimarranno presso di noi fino a quando lo scopo del trattamento dei dati non sar\u00e0 pi\u00f9 applicabile. Se fai valere una richiesta giustificata di cancellazione o revochi il tuo consenso al trattamento dei dati, i tuoi dati saranno cancellati a meno che non ci siano altri motivi legalmente consentiti per conservare i tuoi dati personali (ad esempio, periodi di conservazione previsti dalla legge fiscale o commerciale); in quest&#8217;ultimo caso, la cancellazione avverr\u00e0 dopo che tali motivi non saranno pi\u00f9 validi. <\/p><h3>Informazioni generali sulla base giuridica del trattamento dei dati su questo sito web<\/h3><p>Se hai acconsentito al trattamento dei dati, trattiamo i tuoi dati personali sulla base dell&#8217;art. 6 par. 1 lett. a GDPR o dell&#8217;art. 9 par. 2 lett. a GDPR, nella misura in cui vengono trattate categorie particolari di dati ai sensi dell&#8217;art. 9 par. 1 GDPR. In caso di consenso esplicito al trasferimento dei dati personali a paesi terzi, il trattamento dei dati viene effettuato anche sulla base dell&#8217;art. 49 par. 1 lit. a GDPR. Se hai acconsentito alla memorizzazione dei cookie o all&#8217;accesso alle informazioni nel tuo dispositivo finale (ad esempio tramite il fingerprinting del dispositivo), il trattamento dei dati viene effettuato anche in base alla Sezione 25 (1) del GDPR. Il consenso pu\u00f2 essere revocato in qualsiasi momento. Se i tuoi dati sono necessari per l&#8217;adempimento di un contratto o per l&#8217;attuazione di misure precontrattuali, trattiamo i tuoi dati sulla base dell&#8217;art. 6 par. 1 lit. b del GDPR. Inoltre, trattiamo i tuoi dati se ci\u00f2 \u00e8 necessario per adempiere a un obbligo di legge ai sensi dell&#8217;art. 6 par. 1 lett. c GDPR. Il trattamento dei dati pu\u00f2 essere effettuato anche sulla base del nostro legittimo interesse ai sensi dell&#8217;art. 6 par. 1 lett. f GDPR. Le informazioni sulle basi giuridiche pertinenti in ogni singolo caso sono fornite nei paragrafi successivi della presente informativa sulla privacy.                     <\/p><h3>Nota sul trasferimento dei dati negli Stati Uniti e in altri paesi terzi<\/h3><p>Tra l&#8217;altro, utilizziamo strumenti di aziende con sede negli Stati Uniti o in altri paesi terzi che non sono sicuri ai sensi della legge sulla protezione dei dati. Se questi strumenti sono attivi, i tuoi dati personali potrebbero essere trasferiti in questi paesi terzi e l\u00ec elaborati. Desideriamo sottolineare che in questi paesi non \u00e8 possibile garantire un livello di protezione dei dati paragonabile a quello dell&#8217;UE. Ad esempio, le aziende statunitensi sono obbligate a divulgare i dati personali alle autorit\u00e0 di sicurezza senza che tu, in qualit\u00e0 di interessato, possa intraprendere un&#8217;azione legale. Non si pu\u00f2 quindi escludere che le autorit\u00e0 statunitensi (ad esempio i servizi segreti) possano elaborare, analizzare e conservare in modo permanente i tuoi dati su server statunitensi a scopo di sorveglianza. Non abbiamo alcuna influenza su queste attivit\u00e0 di elaborazione.     <\/p><h3>Revoca del consenso al trattamento dei dati<\/h3><p>Molte operazioni di trattamento dei dati sono possibili solo con il tuo consenso espresso. Puoi revocare il tuo consenso in qualsiasi momento. La legalit\u00e0 del trattamento dei dati effettuato fino alla revoca rimane inalterata.  <\/p><h3>Diritto di opporsi alla raccolta dei dati in casi particolari e al marketing diretto (Art. 21 GDPR)<\/h3><p>SE IL TRATTAMENTO DEI DATI SI BASA SULL&#8217;ART. 6 ABS. 1 LIT. E O F DEL GDPR, HAI IL DIRITTO DI OPPORTI IN QUALSIASI MOMENTO AL TRATTAMENTO DEI TUOI DATI PERSONALI PER MOTIVI LEGATI ALLA TUA SITUAZIONE PARTICOLARE; CI\u00d2 VALE ANCHE PER LA PROFILAZIONE BASATA SU TALI DISPOSIZIONI. LE RISPETTIVE BASI GIURIDICHE SU CUI SI FONDA IL TRATTAMENTO SONO RIPORTATE NELLA PRESENTE INFORMATIVA SULLA PRIVACY. SE TI OPPONI, NON TRATTEREMO PI\u00d9 I TUOI DATI PERSONALI, A MENO CHE NON POSSIAMO DIMOSTRARE L&#8217;ESISTENZA DI MOTIVI LEGITTIMI E IMPELLENTI PER IL TRATTAMENTO CHE PREVALGONO SUI TUOI INTERESSI, DIRITTI E LIBERT\u00c0 O CHE IL TRATTAMENTO SERVE PER L&#8217;ACCERTAMENTO, L&#8217;ESERCIZIO O LA DIFESA DI DIRITTI LEGALI (OPPOSIZIONE AI SENSI DELL&#8217;ART. 21, PAR. 1 DEL GDPR).    <\/p><p>SE I TUOI DATI PERSONALI SONO TRATTATI PER FINALIT\u00c0 DI MARKETING DIRETTO, HAI IL DIRITTO DI OPPORTI IN QUALSIASI MOMENTO AL TRATTAMENTO DEI DATI PERSONALI CHE TI RIGUARDANO PER TALI FINALIT\u00c0; CI\u00d2 VALE ANCHE PER LA PROFILAZIONE NELLA MISURA IN CUI \u00c8 CONNESSA A TALE MARKETING DIRETTO. SE TI OPPONI, I TUOI DATI PERSONALI NON SARANNO PI\u00d9 UTILIZZATI PER FINALIT\u00c0 DI MARKETING DIRETTO (OPPOSIZIONE AI SENSI DELL&#8217;ART. 21 PAR. 2 DEL GDPR). <\/p><h3>Diritto di proporre reclamo all&#8217;autorit\u00e0 di vigilanza competente<\/h3><p>In caso di violazioni del GDPR, gli interessati hanno il diritto di proporre reclamo a un&#8217;autorit\u00e0 di controllo, in particolare nello Stato membro in cui risiedono abitualmente, lavorano o in cui si \u00e8 verificata la presunta violazione. Il diritto di presentare un reclamo non pregiudica eventuali altri rimedi amministrativi o giudiziari. <\/p><h3>Diritto alla portabilit\u00e0 dei dati<\/h3><p>Hai il diritto di ottenere che i dati che trattiamo automaticamente sulla base del tuo consenso o in adempimento di un contratto vengano consegnati a te o a una terza parte in un formato comunemente utilizzato e leggibile da una macchina. Se richiedi il trasferimento diretto dei dati a un altro titolare del trattamento, ci\u00f2 avverr\u00e0 solo nella misura in cui ci\u00f2 sia tecnicamente possibile. <\/p><h3>Informazioni, cancellazione e correzione<\/h3><p>Nell&#8217;ambito delle disposizioni di legge applicabili, hai il diritto di ottenere in qualsiasi momento informazioni gratuite sui tuoi dati personali memorizzati, sulla loro origine e sul loro destinatario e sullo scopo del trattamento dei dati e, se necessario, il diritto alla correzione o alla cancellazione di tali dati. Puoi contattarci in qualsiasi momento se hai ulteriori domande sul tema dei dati personali. <\/p><h3>Diritto alla limitazione del trattamento<\/h3><p>Hai il diritto di richiedere la limitazione del trattamento dei tuoi dati personali. Puoi contattarci in qualsiasi momento per farlo. Il diritto alla limitazione del trattamento esiste nei seguenti casi:  <\/p><ul><li>Se contesti l&#8217;accuratezza dei tuoi dati personali da noi memorizzati, in genere abbiamo bisogno di tempo per verificarla. Per la durata della verifica, hai il diritto di richiedere la limitazione del trattamento dei tuoi dati personali. <\/li><li>Se il trattamento dei tuoi dati personali era\/\u00e8 illegale, puoi richiedere la limitazione del trattamento dei dati invece della cancellazione.<\/li><li>Se non abbiamo pi\u00f9 bisogno dei tuoi dati personali, ma ti servono per l&#8217;esercizio, la difesa o l&#8217;affermazione di diritti legali, hai il diritto di richiedere la limitazione del trattamento dei tuoi dati personali invece della loro cancellazione.<\/li><li>Se hai presentato un&#8217;obiezione ai sensi dell&#8217;art. 21 (1) GDPR, \u00e8 necessario trovare un equilibrio tra i tuoi interessi e i nostri. Finch\u00e9 non sar\u00e0 stato stabilito quali interessi prevalgono, hai il diritto di richiedere la limitazione del trattamento dei tuoi dati personali.  <\/li><\/ul><p>Se hai limitato il trattamento dei tuoi dati personali, questi &#8211; a parte la loro conservazione &#8211; potranno essere trattati solo con il tuo consenso o per l&#8217;accertamento, l&#8217;esercizio o la difesa di diritti legali o per la tutela dei diritti di un&#8217;altra persona fisica o giuridica o per motivi di rilevante interesse pubblico dell&#8217;Unione Europea o di uno Stato membro.<\/p><h3>Crittografia SSL o TLS<\/h3><p>Questo sito utilizza la crittografia SSL o TLS per motivi di sicurezza e per proteggere la trasmissione di contenuti riservati, come gli ordini o le richieste di informazioni che ci invii in qualit\u00e0 di gestore del sito. Puoi riconoscere una connessione crittografata dal fatto che la riga dell&#8217;indirizzo del browser passa da &#8220;http:\/\/&#8221; a &#8220;https:\/\/&#8221; e dal simbolo del lucchetto nella riga del browser. <\/p><p>Se la crittografia SSL o TLS \u00e8 attivata, i dati che ci trasmetti non possono essere letti da terzi.<\/p><h3> <\/h3><h3>4. raccolta di dati su questo sito web<\/h3><h3>Biscotti<\/h3><p>Le nostre pagine Internet utilizzano i cosiddetti &#8220;cookie&#8221;. I cookie sono piccoli pacchetti di dati e non causano alcun danno al tuo dispositivo finale. Vengono memorizzati sul tuo dispositivo temporaneamente per la durata di una sessione (cookie di sessione) o permanentemente (cookie permanenti). I cookie di sessione vengono eliminati automaticamente al termine della visita. I cookie permanenti rimangono memorizzati sul tuo dispositivo finale finch\u00e9 non li cancelli tu stesso o finch\u00e9 non vengono eliminati automaticamente dal tuo browser web.    <\/p><p>In alcuni casi, quando visiti il nostro sito web, possono essere memorizzati sul tuo dispositivo anche cookie di aziende terze (cookie di terze parti). Questi permettono a noi o a te di utilizzare alcuni servizi della societ\u00e0 terza (ad esempio, i cookie per l&#8217;elaborazione dei servizi di pagamento). <\/p><p>I cookie hanno diverse funzioni. Molti cookie sono tecnicamente necessari, in quanto alcune funzioni del sito web non potrebbero funzionare senza di essi (ad esempio la funzione del carrello della spesa o la visualizzazione dei video). Altri cookie sono utilizzati per valutare il comportamento degli utenti o per visualizzare pubblicit\u00e0.  <\/p><p>I cookie necessari per eseguire il processo di comunicazione elettronica, per fornire determinate funzioni richieste dall&#8217;utente (ad esempio, per la funzione del carrello della spesa) o per ottimizzare il sito web (ad esempio, i cookie per misurare l&#8217;audience del web) (cookie necessari) vengono memorizzati sulla base dell&#8217;art. 6 par. 1 lit. f GDPR, a meno che non venga specificata un&#8217;altra base giuridica. L&#8217;operatore del sito web ha un interesse legittimo nella memorizzazione dei cookie necessari per l&#8217;erogazione tecnicamente priva di errori e ottimizzata dei propri servizi. Se \u00e8 stato richiesto il consenso alla memorizzazione di cookie e tecnologie di riconoscimento comparabili, il trattamento viene effettuato esclusivamente sulla base di tale consenso (Art. 6 comma 1 lett. a GDPR e \u00a7 25 comma 1 TTDSG); il consenso pu\u00f2 essere revocato in qualsiasi momento.    <\/p><p>Puoi impostare il tuo browser in modo da essere informato sull&#8217;impostazione dei cookie e consentire i cookie solo in singoli casi, escludere l&#8217;accettazione dei cookie per determinati casi o in generale e attivare la cancellazione automatica dei cookie alla chiusura del browser. Se i cookie vengono disattivati, le funzionalit\u00e0 di questo sito web potrebbero essere limitate. <\/p><p>Nel caso in cui i cookie vengano utilizzati da societ\u00e0 terze o per scopi di analisi, ti informeremo separatamente nel contesto della presente dichiarazione sulla protezione dei dati e, se necessario, richiederemo il tuo consenso.<\/p><h3> <\/h3><h3>5. strumenti di analisi e pubblicit\u00e0<\/h3><h3>Google Tag Manager<\/h3><p>Utilizziamo Google Tag Manager. Il fornitore \u00e8 Google Ireland Limited, Gordon House, Barrow Street, Dublino 4, Irlanda. <\/p><p>Google Tag Manager \u00e8 uno strumento che ci permette di integrare strumenti di tracciamento o statistici e altre tecnologie sul nostro sito web. Il Google Tag Manager non crea alcun profilo utente, non memorizza alcun cookie e non effettua analisi indipendenti. Viene utilizzato solo per gestire e visualizzare gli strumenti integrati tramite esso. Tuttavia, Google Tag Manager registra il tuo indirizzo IP, che potrebbe essere trasmesso alla societ\u00e0 madre di Google negli Stati Uniti.   <\/p><p>Google Tag Manager viene utilizzato in base all&#8217;art. 6, comma 1, lettera f del GDPR. L&#8217;operatore del sito web ha un interesse legittimo all&#8217;integrazione e alla gestione rapida e semplice di vari strumenti sul proprio sito web. Se \u00e8 stato richiesto un consenso corrispondente, il trattamento viene effettuato esclusivamente sulla base dell&#8217;art. 6 par. 1 lett. a GDPR e dell&#8217;art. 25 par. 1 TTDSG, nella misura in cui il consenso include la memorizzazione di cookie o l&#8217;accesso a informazioni nel dispositivo terminale dell&#8217;utente (ad es. fingerprinting del dispositivo) ai sensi del TTDSG. Il consenso pu\u00f2 essere revocato in qualsiasi momento.        <\/p><h3>Google Analytics<\/h3><p>Questo sito web utilizza le funzioni del servizio di analisi web Google Analytics. Il fornitore \u00e8 Google Ireland Limited (&#8220;Google&#8221;), Gordon House, Barrow Street, Dublino 4, Irlanda. <\/p><p>Google Analytics consente al gestore del sito web di analizzare il comportamento dei visitatori del sito. A tal fine, l&#8217;operatore del sito web riceve diversi dati di utilizzo, come ad esempio le pagine viste, la durata della visita, i sistemi operativi utilizzati e la provenienza dell&#8217;utente. Questi dati vengono assegnati al dispositivo finale dell&#8217;utente. Non vengono assegnati a un ID utente.   <\/p><p>Google Analytics utilizza tecnologie che consentono di riconoscere l&#8217;utente allo scopo di analizzarne il comportamento (ad es. cookie o fingerprinting del dispositivo). Le informazioni raccolte da Google sull&#8217;utilizzo di questo sito web vengono generalmente trasmesse a un server di Google negli Stati Uniti e l\u00ec memorizzate. <\/p><p>L&#8217;utilizzo di questo servizio si basa sul tuo consenso ai sensi dell&#8217;art. 6 par. 1 lett. a GDPR e del \u00a7 25 par. 1 TTDSG. Il consenso pu\u00f2 essere revocato in qualsiasi momento.    <\/p><p>Il trasferimento dei dati negli Stati Uniti si basa sulle clausole contrattuali standard della Commissione Europea. Puoi trovare i dettagli qui: <a href=\"https:\/\/privacy.google.com\/businesses\/controllerterms\/mccs\/\" target=\"_blank\" rel=\"noopener\">https:\/\/privacy.google.com\/businesses\/controllerterms\/mccs\/.<\/a> <\/p><h4>Plugin del browser<\/h4><p>Puoi impedire la raccolta e l&#8217;elaborazione dei tuoi dati da parte di Google scaricando e installando il plug-in del browser disponibile al seguente link: <a href=\"https:\/\/tools.google.com\/dlpage\/gaoptout?hl=de\" target=\"_blank\" rel=\"noopener\">https:\/\/tools.google.com\/dlpage\/gaoptout?hl=de.<\/a><\/p><p>Puoi trovare maggiori informazioni su come Google Analytics gestisce i dati degli utenti nell&#8217;informativa sulla privacy di Google: <a href=\"https:\/\/support.google.com\/analytics\/answer\/6004245?hl=de\" target=\"_blank\" rel=\"noopener\">https:\/\/support.google.com\/analytics\/answer\/6004245?hl=de.<\/a><\/p><h3> <\/h3><h3>6. plugin e strumenti<\/h3><h3>Google Fonts<\/h3><p>Questo sito utilizza i cosiddetti Google Fonts, forniti da Google, per la visualizzazione standardizzata dei caratteri. Quando accedi a una pagina, il tuo browser carica i font necessari nella cache del browser per visualizzare correttamente i testi e i caratteri. <\/p><p>A tal fine, il browser che stai utilizzando deve connettersi ai server di Google. In questo modo Google viene informato che il sito web \u00e8 stato visitato tramite il tuo indirizzo IP. L&#8217;utilizzo di Google Fonts si basa sull&#8217;art. 6 comma 1 lett. f GDPR. L&#8217;operatore del sito web ha un interesse legittimo alla presentazione uniforme del carattere tipografico sul proprio sito web. Se \u00e8 stato richiesto un consenso corrispondente, il trattamento viene effettuato esclusivamente sulla base dell&#8217;art. 6 par. 1 lett. a GDPR e dell&#8217;art. 25 par. 1 TTDSG, nella misura in cui il consenso include la memorizzazione di cookie o l&#8217;accesso a informazioni nel dispositivo terminale dell&#8217;utente (ad es. fingerprinting del dispositivo) ai sensi del TTDSG. Il consenso pu\u00f2 essere revocato in qualsiasi momento.          <\/p><p>Se il tuo browser non supporta Google Fonts, il tuo computer utilizzer\u00e0 un font standard.<\/p><p>Ulteriori informazioni su Google Fonts sono disponibili all&#8217;indirizzo <a href=\"https:\/\/developers.google.com\/fonts\/faq\" target=\"_blank\" rel=\"noopener\">https:\/\/developers.google.com\/fonts\/faq<\/a> e nell&#8217;informativa sulla privacy di Google: <a href=\"https:\/\/policies.google.com\/privacy?hl=de\" target=\"_blank\" rel=\"noopener\">https:\/\/policies.google.com\/privacy?hl=de<\/a>.<\/p><h3> <\/h3><h3>7. fornitori di servizi di eCommerce e di pagamento<\/h3><h3>Trattamento dei dati dei clienti e dei contratti<\/h3><p>Raccogliamo, elaboriamo e utilizziamo i dati personali dei clienti e del contratto per stabilire, organizzare il contenuto e modificare i nostri rapporti contrattuali. Raccogliamo, elaboriamo e utilizziamo i dati personali relativi all&#8217;utilizzo di questo sito web (dati di utilizzo) solo nella misura in cui ci\u00f2 \u00e8 necessario per consentire all&#8217;utente di utilizzare il servizio o per fatturare all&#8217;utente. La base giuridica \u00e8 l&#8217;art. 6, comma 1, lettera b del GDPR.    <\/p><p>I dati del cliente raccolti saranno cancellati dopo il completamento dell&#8217;ordine o la cessazione del rapporto commerciale e la scadenza di eventuali periodi di conservazione previsti dalla legge. I periodi di conservazione previsti dalla legge rimangono inalterati. <\/p>\t\t\t\t\t\t\t\t<\/div>\n\t\t\t\t<\/div>\n\t\t\t\t\t<\/div>\n\t\t\t\t<\/div>\n\t\t\t\t<\/div>\n\t\t","protected":false},"excerpt":{"rendered":"<p>Informativa sulla privacy 1. la protezione dei dati in sintesi Informazioni generali Le seguenti informazioni forniscono una semplice panoramica di ci\u00f2 che accade ai tuoi dati personali quando visiti questo [&hellip;]<\/p>\n","protected":false},"author":1,"featured_media":0,"parent":0,"menu_order":0,"comment_status":"closed","ping_status":"closed","template":"","meta":{"footnotes":""},"class_list":["post-4371","page","type-page","status-publish","hentry"],"publishpress_future_action":{"enabled":false,"date":"2026-04-25 05:13:31","action":"change-status","newStatus":"draft","terms":[],"taxonomy":"translation_priority","extraData":[]},"publishpress_future_workflow_manual_trigger":{"enabledWorkflows":[]},"_links":{"self":[{"href":"https:\/\/advk.ch\/it\/wp-json\/wp\/v2\/pages\/4371","targetHints":{"allow":["GET"]}}],"collection":[{"href":"https:\/\/advk.ch\/it\/wp-json\/wp\/v2\/pages"}],"about":[{"href":"https:\/\/advk.ch\/it\/wp-json\/wp\/v2\/types\/page"}],"author":[{"embeddable":true,"href":"https:\/\/advk.ch\/it\/wp-json\/wp\/v2\/users\/1"}],"replies":[{"embeddable":true,"href":"https:\/\/advk.ch\/it\/wp-json\/wp\/v2\/comments?post=4371"}],"version-history":[{"count":0,"href":"https:\/\/advk.ch\/it\/wp-json\/wp\/v2\/pages\/4371\/revisions"}],"wp:attachment":[{"href":"https:\/\/advk.ch\/it\/wp-json\/wp\/v2\/media?parent=4371"}],"curies":[{"name":"wp","href":"https:\/\/api.w.org\/{rel}","templated":true}]}}